{"id":8033,"date":"2024-08-22T13:36:07","date_gmt":"2024-08-22T12:36:07","guid":{"rendered":"https:\/\/www.mcsquare.lu\/?page_id=8033"},"modified":"2024-08-28T13:03:19","modified_gmt":"2024-08-28T12:03:19","slug":"manage-ucits-funds-new","status":"publish","type":"page","link":"https:\/\/www.mcsquare.lu\/fr\/manage-ucits-funds-new\/","title":{"rendered":"ABOUT US OLD"},"content":{"rendered":"<div class=\"wp-block-columns is-layout-flex wp-container-core-columns-is-layout-9d6595d7 wp-block-columns-is-layout-flex\">\n<div class=\"wp-block-column is-layout-flow wp-block-column-is-layout-flow\" style=\"flex-basis:100%\">\n\n\n<h2 class=\"wp-block-heading\">MANAGE UCITS &amp; AIF FUNDS<\/h2>\n\n\n\n<p>Nous sommes autoris\u00e9s \u00e0 g\u00e9rer des fonds OPCVM ainsi que des fonds alternatifs (FIA) ayant les strat\u00e9gies suivantes : Hedge Fund, Private Equity, Real Estate, Debt, Fund of Funds et Listed Securities.<\/p>\n\n\n\n<h2 class=\"wp-block-heading\">NOTRE VISION<\/h2>\n\n\n\n<p>Notre vision est de contribuer \u00e0 la construction de produits innovants, solides, responsables et fiables au b\u00e9n\u00e9fice de nos clients et de leur croissance. Pour une meilleure compr\u00e9hension de leurs besoins, l'objectif est de prot\u00e9ger et de pr\u00e9server leur patrimoine par la valorisation de leurs fonds.<\/p>\n\n\n\n<h2 class=\"wp-block-heading\">NOTRE MISSION<\/h2>\n\n\n\n<p>Nous sommes autoris\u00e9s \u00e0 g\u00e9rer des fonds OPCVM et notre mission est de fournir des conseils justes et impartiaux, les meilleurs services \u00e9thiques, une ex\u00e9cution sans faille et une gestion de portefeuille \u00e0 vie qui est devenue la marque de fabrique de notre mod\u00e8le de relation avec nos clients les plus estim\u00e9s.<\/p>\n\n\n\n<p>En vous associant \u00e0 MC Square, vous pouvez \u00eatre assur\u00e9 de b\u00e9n\u00e9ficier des avantages et du luxe d'une gamme compl\u00e8te de services sur mesure, ainsi que du soutien professionnel d'une \u00e9quipe de sp\u00e9cialistes exp\u00e9riment\u00e9s, qui comprennent votre activit\u00e9 et se consacrent exclusivement \u00e0 r\u00e9pondre \u00e0 vos besoins. Gr\u00e2ce \u00e0 nos services, vous pourrez vous concentrer sur l'essentiel : d\u00e9velopper et ex\u00e9cuter vos propres strat\u00e9gies d'investissement pour vos clients.<\/p>\n\n\n\n<h2 class=\"wp-block-heading\">NOS VALEURS<\/h2>\n\n\n\n<p>Chez MC Square, nos valeurs fondamentales sont les principes profond\u00e9ment ancr\u00e9s qui guident toutes nos actions et notre comportement. Elles sont au centre de notre action commerciale et d\u00e9terminent la mani\u00e8re dont nous travaillons ensemble.<\/p>\n\n\n\n<p>Nous ne nous contentons pas d'appr\u00e9cier les mod\u00e8les \u00e9thiques de conduite des affaires ; nous int\u00e9grons l'ind\u00e9pendance, l'int\u00e9grit\u00e9, l'esprit d'entreprise et la responsabilit\u00e9 dans les valeurs fondamentales de notre Magic Square :<\/p>\n\n\n\n<p><strong>Ind\u00e9pendance :<\/strong> Cela ne signifie pas que nous ne nous appuyons pas sur les autres ou que nous ne collaborons pas avec eux, mais simplement que nous nous effor\u00e7ons d'\u00eatre impartiaux dans nos choix.<\/p>\n\n\n\n<p><strong>Int\u00e9grit\u00e9 :<\/strong> Nos actions sont guid\u00e9es par les valeurs non n\u00e9gociables que sont le respect et l'honn\u00eatet\u00e9. Nous laissons nos actions parler pour nous.<\/p>\n\n\n\n<p><strong>L'esprit d'entreprise :<\/strong> Nous comprenons parfaitement l'importance massive de l'innovation dans un nouvel \u00e9cosyst\u00e8me dynamique d'entreprises. Nous d\u00e9ployons donc notre cr\u00e9ativit\u00e9, notre exp\u00e9rience et notre \u00e9nergie dans la r\u00e9alisation de vos projets.<\/p>\n\n\n\n<p><strong>Responsabilit\u00e9 :<\/strong> Les connaissances et le savoir-faire combin\u00e9s des membres de notre \u00e9quipe, de nos joueurs et de nos meneurs de jeu restent d\u00e9di\u00e9s \u00e0 vos services et \u00e0 l'accomplissement de vos objectifs.<\/p>\n\n\n\n<h2 class=\"wp-block-heading\">Notre \u00e9quipe<\/h2>\n\n\n\n<p>Michael Jordan once said &#8220;Talent wins games, but teamwork and intelligence win championships.&#8221; At MC Square, we have come to see ourselves in the assertion of this 6 times NBA champion.<\/p>\n\n\n\n<p>C'est parce que nous continuons \u00e0 \u00eatre fiers non seulement des talents et des capacit\u00e9s des membres de notre \u00e9quipe tr\u00e8s exp\u00e9riment\u00e9e, qui ont fait leurs preuves dans des soci\u00e9t\u00e9s d'investissement bien connues dans diff\u00e9rentes sph\u00e8res du monde financier, mais aussi parce que nous fonctionnons comme une famille qui partage la m\u00eame vision, le m\u00eame travail d'\u00e9quipe et la m\u00eame volont\u00e9 de gagner pour nos clients.<\/p>\n\n\n\n<p>Au sein de notre famille, vous trouverez des sp\u00e9cialistes issus de domaines tr\u00e8s vari\u00e9s, allant de la finance d'entreprise \u00e0 la gestion des risques, en passant par la banque d'investissement et la gestion de patrimoine, la distribution de fonds et le marketing.<\/p>\n\n\n\n<p>This unique mix of expertise and experience grants MC Square an extraordinary ability to truly understand the needs of our clients and proffer practical, attainable solutions like fish in water.<\/p>\n\n\n\n<h3 class=\"wp-block-heading\">L'\u00e9quipe de direction<\/h3>\n\n\n\n<figure class=\"wp-block-image size-full is-resized\"><a href=\"https:\/\/i0.wp.com\/www.mcsquare.lu\/wp-content\/uploads\/2015\/02\/ale2.jpg?ssl=1\"><img data-recalc-dims=\"1\" loading=\"lazy\" decoding=\"async\" width=\"270\" height=\"270\" src=\"https:\/\/i0.wp.com\/www.mcsquare.lu\/wp-content\/uploads\/2015\/02\/ale2.jpg?resize=270%2C270&#038;ssl=1\" alt=\"\" class=\"wp-image-2202\" style=\"width:238px;height:auto\" srcset=\"https:\/\/i0.wp.com\/www.mcsquare.lu\/wp-content\/uploads\/2015\/02\/ale2.jpg?w=270&amp;ssl=1 270w, https:\/\/i0.wp.com\/www.mcsquare.lu\/wp-content\/uploads\/2015\/02\/ale2.jpg?resize=150%2C150&amp;ssl=1 150w\" sizes=\"auto, (max-width: 270px) 100vw, 270px\" \/><\/a><figcaption class=\"wp-element-caption\">Andr\u00e9 Lecoq<br>Chairman<\/figcaption><\/figure>\n\n\n\n<figure class=\"wp-block-image size-full is-resized\"><a href=\"https:\/\/i0.wp.com\/www.mcsquare.lu\/wp-content\/uploads\/2023\/01\/Alexandre-1.jpg?ssl=1\"><img data-recalc-dims=\"1\" loading=\"lazy\" decoding=\"async\" width=\"1170\" height=\"773\" src=\"https:\/\/i0.wp.com\/www.mcsquare.lu\/wp-content\/uploads\/2023\/01\/Alexandre-1.jpg?resize=1170%2C773&#038;ssl=1\" alt=\"\" class=\"wp-image-6233\" style=\"width:238px;height:auto\" srcset=\"https:\/\/i0.wp.com\/www.mcsquare.lu\/wp-content\/uploads\/2023\/01\/Alexandre-1.jpg?w=2508&amp;ssl=1 2508w, https:\/\/i0.wp.com\/www.mcsquare.lu\/wp-content\/uploads\/2023\/01\/Alexandre-1.jpg?resize=300%2C198&amp;ssl=1 300w, https:\/\/i0.wp.com\/www.mcsquare.lu\/wp-content\/uploads\/2023\/01\/Alexandre-1.jpg?resize=1024%2C676&amp;ssl=1 1024w, https:\/\/i0.wp.com\/www.mcsquare.lu\/wp-content\/uploads\/2023\/01\/Alexandre-1.jpg?resize=768%2C507&amp;ssl=1 768w, https:\/\/i0.wp.com\/www.mcsquare.lu\/wp-content\/uploads\/2023\/01\/Alexandre-1.jpg?resize=1536%2C1014&amp;ssl=1 1536w, https:\/\/i0.wp.com\/www.mcsquare.lu\/wp-content\/uploads\/2023\/01\/Alexandre-1.jpg?resize=2048%2C1352&amp;ssl=1 2048w, https:\/\/i0.wp.com\/www.mcsquare.lu\/wp-content\/uploads\/2023\/01\/Alexandre-1.jpg?resize=24%2C16&amp;ssl=1 24w, https:\/\/i0.wp.com\/www.mcsquare.lu\/wp-content\/uploads\/2023\/01\/Alexandre-1.jpg?resize=36%2C24&amp;ssl=1 36w, https:\/\/i0.wp.com\/www.mcsquare.lu\/wp-content\/uploads\/2023\/01\/Alexandre-1.jpg?resize=48%2C32&amp;ssl=1 48w, https:\/\/i0.wp.com\/www.mcsquare.lu\/wp-content\/uploads\/2023\/01\/Alexandre-1.jpg?w=2340&amp;ssl=1 2340w\" sizes=\"auto, (max-width: 1170px) 100vw, 1170px\" \/><\/a><figcaption class=\"wp-element-caption\">Alexandre Hecklen<br>CEO<\/figcaption><\/figure>\n\n\n\n<figure class=\"wp-block-image size-full is-resized\"><a href=\"https:\/\/i0.wp.com\/www.mcsquare.lu\/wp-content\/uploads\/2023\/01\/Olivier-scaled.jpg?ssl=1\"><img data-recalc-dims=\"1\" loading=\"lazy\" decoding=\"async\" width=\"1170\" height=\"780\" src=\"https:\/\/i0.wp.com\/www.mcsquare.lu\/wp-content\/uploads\/2023\/01\/Olivier-scaled.jpg?resize=1170%2C780&#038;ssl=1\" alt=\"\" class=\"wp-image-6264\" style=\"width:238px;height:auto\" srcset=\"https:\/\/i0.wp.com\/www.mcsquare.lu\/wp-content\/uploads\/2023\/01\/Olivier-scaled.jpg?w=2560&amp;ssl=1 2560w, https:\/\/i0.wp.com\/www.mcsquare.lu\/wp-content\/uploads\/2023\/01\/Olivier-scaled.jpg?resize=300%2C200&amp;ssl=1 300w, https:\/\/i0.wp.com\/www.mcsquare.lu\/wp-content\/uploads\/2023\/01\/Olivier-scaled.jpg?resize=1024%2C683&amp;ssl=1 1024w, https:\/\/i0.wp.com\/www.mcsquare.lu\/wp-content\/uploads\/2023\/01\/Olivier-scaled.jpg?resize=768%2C512&amp;ssl=1 768w, https:\/\/i0.wp.com\/www.mcsquare.lu\/wp-content\/uploads\/2023\/01\/Olivier-scaled.jpg?resize=1536%2C1024&amp;ssl=1 1536w, https:\/\/i0.wp.com\/www.mcsquare.lu\/wp-content\/uploads\/2023\/01\/Olivier-scaled.jpg?resize=2048%2C1365&amp;ssl=1 2048w, https:\/\/i0.wp.com\/www.mcsquare.lu\/wp-content\/uploads\/2023\/01\/Olivier-scaled.jpg?resize=24%2C16&amp;ssl=1 24w, https:\/\/i0.wp.com\/www.mcsquare.lu\/wp-content\/uploads\/2023\/01\/Olivier-scaled.jpg?resize=36%2C24&amp;ssl=1 36w, https:\/\/i0.wp.com\/www.mcsquare.lu\/wp-content\/uploads\/2023\/01\/Olivier-scaled.jpg?resize=48%2C32&amp;ssl=1 48w, https:\/\/i0.wp.com\/www.mcsquare.lu\/wp-content\/uploads\/2023\/01\/Olivier-scaled.jpg?w=2340&amp;ssl=1 2340w\" sizes=\"auto, (max-width: 1170px) 100vw, 1170px\" \/><\/a><figcaption class=\"wp-element-caption\">Olivier Meray<br>Conducting Officer &#8211; Head of Finance &amp; Risk Management<\/figcaption><\/figure>\n\n\n\n<figure class=\"wp-block-image size-full is-resized\"><a href=\"https:\/\/i0.wp.com\/www.mcsquare.lu\/wp-content\/uploads\/2023\/01\/Ayse-scaled.jpg?ssl=1\"><img data-recalc-dims=\"1\" loading=\"lazy\" decoding=\"async\" width=\"1170\" height=\"780\" src=\"https:\/\/i0.wp.com\/www.mcsquare.lu\/wp-content\/uploads\/2023\/01\/Ayse-scaled.jpg?resize=1170%2C780&#038;ssl=1\" alt=\"\" class=\"wp-image-6253\" style=\"width:238px;height:auto\" srcset=\"https:\/\/i0.wp.com\/www.mcsquare.lu\/wp-content\/uploads\/2023\/01\/Ayse-scaled.jpg?w=2560&amp;ssl=1 2560w, https:\/\/i0.wp.com\/www.mcsquare.lu\/wp-content\/uploads\/2023\/01\/Ayse-scaled.jpg?resize=300%2C200&amp;ssl=1 300w, https:\/\/i0.wp.com\/www.mcsquare.lu\/wp-content\/uploads\/2023\/01\/Ayse-scaled.jpg?resize=1024%2C683&amp;ssl=1 1024w, https:\/\/i0.wp.com\/www.mcsquare.lu\/wp-content\/uploads\/2023\/01\/Ayse-scaled.jpg?resize=768%2C512&amp;ssl=1 768w, https:\/\/i0.wp.com\/www.mcsquare.lu\/wp-content\/uploads\/2023\/01\/Ayse-scaled.jpg?resize=1536%2C1024&amp;ssl=1 1536w, https:\/\/i0.wp.com\/www.mcsquare.lu\/wp-content\/uploads\/2023\/01\/Ayse-scaled.jpg?resize=2048%2C1365&amp;ssl=1 2048w, https:\/\/i0.wp.com\/www.mcsquare.lu\/wp-content\/uploads\/2023\/01\/Ayse-scaled.jpg?resize=24%2C16&amp;ssl=1 24w, https:\/\/i0.wp.com\/www.mcsquare.lu\/wp-content\/uploads\/2023\/01\/Ayse-scaled.jpg?resize=36%2C24&amp;ssl=1 36w, https:\/\/i0.wp.com\/www.mcsquare.lu\/wp-content\/uploads\/2023\/01\/Ayse-scaled.jpg?resize=48%2C32&amp;ssl=1 48w, https:\/\/i0.wp.com\/www.mcsquare.lu\/wp-content\/uploads\/2023\/01\/Ayse-scaled.jpg?w=2340&amp;ssl=1 2340w\" sizes=\"auto, (max-width: 1170px) 100vw, 1170px\" \/><\/a><figcaption class=\"wp-element-caption\">Ay\u015fe Cenik<br>Conducting Officer &#8211; Organisational Project Management<\/figcaption><\/figure>\n\n\n\n<h3 class=\"wp-block-heading\">Sales &amp; Relationship Management team<\/h3>\n\n\n\n<figure class=\"wp-block-image size-full is-resized\"><a href=\"https:\/\/i0.wp.com\/www.mcsquare.lu\/wp-content\/uploads\/2024\/06\/Monica-1.jpg?ssl=1\"><img data-recalc-dims=\"1\" loading=\"lazy\" decoding=\"async\" width=\"1170\" height=\"1170\" src=\"https:\/\/i0.wp.com\/www.mcsquare.lu\/wp-content\/uploads\/2024\/06\/Monica-1.jpg?resize=1170%2C1170&#038;ssl=1\" alt=\"\" class=\"wp-image-7830\" style=\"width:238px;height:auto\" srcset=\"https:\/\/i0.wp.com\/www.mcsquare.lu\/wp-content\/uploads\/2024\/06\/Monica-1.jpg?w=1856&amp;ssl=1 1856w, https:\/\/i0.wp.com\/www.mcsquare.lu\/wp-content\/uploads\/2024\/06\/Monica-1.jpg?resize=300%2C300&amp;ssl=1 300w, https:\/\/i0.wp.com\/www.mcsquare.lu\/wp-content\/uploads\/2024\/06\/Monica-1.jpg?resize=1024%2C1024&amp;ssl=1 1024w, https:\/\/i0.wp.com\/www.mcsquare.lu\/wp-content\/uploads\/2024\/06\/Monica-1.jpg?resize=150%2C150&amp;ssl=1 150w, https:\/\/i0.wp.com\/www.mcsquare.lu\/wp-content\/uploads\/2024\/06\/Monica-1.jpg?resize=768%2C768&amp;ssl=1 768w, https:\/\/i0.wp.com\/www.mcsquare.lu\/wp-content\/uploads\/2024\/06\/Monica-1.jpg?resize=1536%2C1536&amp;ssl=1 1536w, https:\/\/i0.wp.com\/www.mcsquare.lu\/wp-content\/uploads\/2024\/06\/Monica-1.jpg?resize=12%2C12&amp;ssl=1 12w, https:\/\/i0.wp.com\/www.mcsquare.lu\/wp-content\/uploads\/2024\/06\/Monica-1.jpg?resize=24%2C24&amp;ssl=1 24w, https:\/\/i0.wp.com\/www.mcsquare.lu\/wp-content\/uploads\/2024\/06\/Monica-1.jpg?resize=36%2C36&amp;ssl=1 36w, https:\/\/i0.wp.com\/www.mcsquare.lu\/wp-content\/uploads\/2024\/06\/Monica-1.jpg?resize=48%2C48&amp;ssl=1 48w, https:\/\/i0.wp.com\/www.mcsquare.lu\/wp-content\/uploads\/2024\/06\/Monica-1.jpg?resize=250%2C250&amp;ssl=1 250w\" sizes=\"auto, (max-width: 1170px) 100vw, 1170px\" \/><\/a><figcaption class=\"wp-element-caption\">Monica DA FONSECA<br>Conducting Officer &#8211; Head of Sales and Distribution<br>mdafonseca@mcsquare.lu<\/figcaption><\/figure>\n\n\n\n<figure class=\"wp-block-image size-full is-resized\"><a href=\"https:\/\/i0.wp.com\/www.mcsquare.lu\/wp-content\/uploads\/2024\/06\/Christophe-scaled.jpg?ssl=1\"><img data-recalc-dims=\"1\" loading=\"lazy\" decoding=\"async\" width=\"1170\" height=\"780\" src=\"https:\/\/i0.wp.com\/www.mcsquare.lu\/wp-content\/uploads\/2024\/06\/Christophe-scaled.jpg?resize=1170%2C780&#038;ssl=1\" alt=\"\" class=\"wp-image-7818\" style=\"width:238px;height:auto\" srcset=\"https:\/\/i0.wp.com\/www.mcsquare.lu\/wp-content\/uploads\/2024\/06\/Christophe-scaled.jpg?w=2560&amp;ssl=1 2560w, https:\/\/i0.wp.com\/www.mcsquare.lu\/wp-content\/uploads\/2024\/06\/Christophe-scaled.jpg?resize=300%2C200&amp;ssl=1 300w, https:\/\/i0.wp.com\/www.mcsquare.lu\/wp-content\/uploads\/2024\/06\/Christophe-scaled.jpg?resize=1024%2C683&amp;ssl=1 1024w, https:\/\/i0.wp.com\/www.mcsquare.lu\/wp-content\/uploads\/2024\/06\/Christophe-scaled.jpg?resize=768%2C512&amp;ssl=1 768w, https:\/\/i0.wp.com\/www.mcsquare.lu\/wp-content\/uploads\/2024\/06\/Christophe-scaled.jpg?resize=1536%2C1024&amp;ssl=1 1536w, https:\/\/i0.wp.com\/www.mcsquare.lu\/wp-content\/uploads\/2024\/06\/Christophe-scaled.jpg?resize=2048%2C1365&amp;ssl=1 2048w, https:\/\/i0.wp.com\/www.mcsquare.lu\/wp-content\/uploads\/2024\/06\/Christophe-scaled.jpg?resize=18%2C12&amp;ssl=1 18w, https:\/\/i0.wp.com\/www.mcsquare.lu\/wp-content\/uploads\/2024\/06\/Christophe-scaled.jpg?resize=24%2C16&amp;ssl=1 24w, https:\/\/i0.wp.com\/www.mcsquare.lu\/wp-content\/uploads\/2024\/06\/Christophe-scaled.jpg?resize=36%2C24&amp;ssl=1 36w, https:\/\/i0.wp.com\/www.mcsquare.lu\/wp-content\/uploads\/2024\/06\/Christophe-scaled.jpg?resize=48%2C32&amp;ssl=1 48w, https:\/\/i0.wp.com\/www.mcsquare.lu\/wp-content\/uploads\/2024\/06\/Christophe-scaled.jpg?w=2340&amp;ssl=1 2340w\" sizes=\"auto, (max-width: 1170px) 100vw, 1170px\" \/><\/a><figcaption class=\"wp-element-caption\">Christophe Jehanno<br>Senior Manager &#8211; Sales &amp; Relationship Management<br>cjehanno@mcsquare.lu<\/figcaption><\/figure>\n\n\n\n<figure class=\"wp-block-image size-full is-resized\"><a href=\"https:\/\/i0.wp.com\/www.mcsquare.lu\/wp-content\/uploads\/2023\/01\/Chrys-scaled.jpg?ssl=1\"><img data-recalc-dims=\"1\" loading=\"lazy\" decoding=\"async\" width=\"1170\" height=\"780\" src=\"https:\/\/i0.wp.com\/www.mcsquare.lu\/wp-content\/uploads\/2023\/01\/Chrys-scaled.jpg?resize=1170%2C780&#038;ssl=1\" alt=\"\" class=\"wp-image-6241\" style=\"width:238px;height:auto\" srcset=\"https:\/\/i0.wp.com\/www.mcsquare.lu\/wp-content\/uploads\/2023\/01\/Chrys-scaled.jpg?w=2560&amp;ssl=1 2560w, https:\/\/i0.wp.com\/www.mcsquare.lu\/wp-content\/uploads\/2023\/01\/Chrys-scaled.jpg?resize=300%2C200&amp;ssl=1 300w, https:\/\/i0.wp.com\/www.mcsquare.lu\/wp-content\/uploads\/2023\/01\/Chrys-scaled.jpg?resize=1024%2C683&amp;ssl=1 1024w, https:\/\/i0.wp.com\/www.mcsquare.lu\/wp-content\/uploads\/2023\/01\/Chrys-scaled.jpg?resize=768%2C512&amp;ssl=1 768w, https:\/\/i0.wp.com\/www.mcsquare.lu\/wp-content\/uploads\/2023\/01\/Chrys-scaled.jpg?resize=1536%2C1024&amp;ssl=1 1536w, https:\/\/i0.wp.com\/www.mcsquare.lu\/wp-content\/uploads\/2023\/01\/Chrys-scaled.jpg?resize=2048%2C1365&amp;ssl=1 2048w, https:\/\/i0.wp.com\/www.mcsquare.lu\/wp-content\/uploads\/2023\/01\/Chrys-scaled.jpg?resize=24%2C16&amp;ssl=1 24w, https:\/\/i0.wp.com\/www.mcsquare.lu\/wp-content\/uploads\/2023\/01\/Chrys-scaled.jpg?resize=36%2C24&amp;ssl=1 36w, https:\/\/i0.wp.com\/www.mcsquare.lu\/wp-content\/uploads\/2023\/01\/Chrys-scaled.jpg?resize=48%2C32&amp;ssl=1 48w, https:\/\/i0.wp.com\/www.mcsquare.lu\/wp-content\/uploads\/2023\/01\/Chrys-scaled.jpg?w=2340&amp;ssl=1 2340w\" sizes=\"auto, (max-width: 1170px) 100vw, 1170px\" \/><\/a><figcaption class=\"wp-element-caption\">Chrys Ibombo<br>Director \u2013 North America<br>cibombo@mcsquare.lu<\/figcaption><\/figure>\n\n\n\n<div id=\"section-g-5dm7hn7\" class=\"wp-block-gutentor-e0 section-g-5dm7hn7 gutentor-element gutentor-element-advanced-text\"><div class=\"gutentor-text-wrap\"><p class=\"gutentor-text\"><\/p><\/div><\/div>\n\n\n\n<p><\/p>\n<\/div>\n<\/div>","protected":false},"excerpt":{"rendered":"<p>MANAGE UCITS &amp; AIF FUNDS We are authorized to manage UCITS funds as well as AIF funds having the following strategies: Hedge Fund, Private Equity, Real Estate, Debt, Fund of Funds and Listed Securities OUR VISION Our vision is to contribute to the construction of innovative, solid, responsible and reliable products for the benefit of [&hellip;]<\/p>\n","protected":false},"author":4,"featured_media":0,"parent":0,"menu_order":0,"comment_status":"closed","ping_status":"closed","template":"","meta":{"om_disable_all_campaigns":false,"_monsterinsights_skip_tracking":false,"_monsterinsights_sitenote_active":false,"_monsterinsights_sitenote_note":"","_monsterinsights_sitenote_category":0,"footnotes":""},"class_list":["post-8033","page","type-page","status-publish","hentry"],"aioseo_notices":[],"jetpack_sharing_enabled":true,"_links":{"self":[{"href":"https:\/\/www.mcsquare.lu\/fr\/wp-json\/wp\/v2\/pages\/8033","targetHints":{"allow":["GET"]}}],"collection":[{"href":"https:\/\/www.mcsquare.lu\/fr\/wp-json\/wp\/v2\/pages"}],"about":[{"href":"https:\/\/www.mcsquare.lu\/fr\/wp-json\/wp\/v2\/types\/page"}],"author":[{"embeddable":true,"href":"https:\/\/www.mcsquare.lu\/fr\/wp-json\/wp\/v2\/users\/4"}],"replies":[{"embeddable":true,"href":"https:\/\/www.mcsquare.lu\/fr\/wp-json\/wp\/v2\/comments?post=8033"}],"version-history":[{"count":12,"href":"https:\/\/www.mcsquare.lu\/fr\/wp-json\/wp\/v2\/pages\/8033\/revisions"}],"predecessor-version":[{"id":8070,"href":"https:\/\/www.mcsquare.lu\/fr\/wp-json\/wp\/v2\/pages\/8033\/revisions\/8070"}],"wp:attachment":[{"href":"https:\/\/www.mcsquare.lu\/fr\/wp-json\/wp\/v2\/media?parent=8033"}],"curies":[{"name":"wp","href":"https:\/\/api.w.org\/{rel}","templated":true}]}}