{"id":6047,"date":"2022-12-29T10:43:22","date_gmt":"2022-12-29T09:43:22","guid":{"rendered":"https:\/\/www.mcsquare.lu\/?page_id=6047"},"modified":"2025-08-11T17:10:36","modified_gmt":"2025-08-11T16:10:36","slug":"sfdr","status":"publish","type":"page","link":"https:\/\/www.mcsquare.lu\/fr\/funds\/sfdr\/","title":{"rendered":"SFDR"},"content":{"rendered":"<p><section class=\"kc-elm kc-css-355038 kc_row\"><div class=\"kc-row-container\"><div class=\"kc-wrap-columns\"><div class=\"kc-elm kc-css-190999 kc_col-sm-2 kc_column kc_col-sm-2\"><div class=\"kc-col-container\"><\/div><\/div><div class=\"kc-elm kc-css-712471 kc_col-sm-8 kc_column kc_col-sm-8\"><div class=\"kc-col-container\"><div class=\"kc-elm kc-css-990143 kc_text_block\"><\/p>\n<p>D\u00e9claration sur la transparence de la promotion des caract\u00e9ristiques environnementales ou sociales et des investissements durables sur le site web<\/p>\n<p>\n<\/div><div class=\"kc-elm kc-css-811797 kc-animated kc-animate-eff-bounceInDown kc-animate-delay-400 kc_text_block\"><\/p>\n<p>Informations relatives \u00e0 la durabilit\u00e9<\/p>\n<p>\n<\/div><div class=\"kc-elm kc-css-832574 kc_text_block\"><\/p>\n<p>Veuillez trouver ci-dessous toute la documentation pertinente conform\u00e9ment au r\u00e8glement (UE) 2019\/2088 (SFDR) et au r\u00e8glement (UE) 2020\/852 (Taxonomie).<\/p>\n<p><strong>\u00a0<\/strong><\/p>\n<p><strong>Informations \u00e0 fournir au niveau de l'entit\u00e9 :<\/strong><\/p>\n<ul>\n<li><a href=\"https:\/\/www.mcsquare.lu\/wp-content\/uploads\/2023\/06\/PAI-Entity-level.pdf\"><span style=\"color: #ffffff;\"><u>Pas de prise en compte des effets n\u00e9gatifs des d\u00e9cisions d'investissement sur les facteurs de durabilit\u00e9 (PDF)<\/u><\/span><\/a><\/li>\n<li><a href=\"https:\/\/www.mcsquare.lu\/wp-content\/uploads\/2023\/06\/ESG-Policy-v2.0.pdf\"><span style=\"color: #ffffff;\"><u>Politique ESG (PDF)<\/u><\/span><\/a><\/li>\n<\/ul>\n<p><strong>\u00a0<\/strong><em><strong>Publications sur le site web conform\u00e9ment \u00e0 l'article 10, paragraphe 1, du r\u00e8glement (UE) 2019\/2088 (\"SFDR\")<\/strong><\/em><\/p>\n<p class=\"translation-block\">La Soci\u00e9t\u00e9 est agr\u00e9\u00e9e par la Commission de Surveillance du Secteur Financier (\"CSSF\") pour g\u00e9rer des fonds OPCVM et des fonds FIA ayant les strat\u00e9gies suivantes : Hedge Fund, Private Equity, Real Estate, Debt, Fund of Funds et Listed Securities.<\/p>\n<p>Conform\u00e9ment au r\u00e8glement (UE) 2019\/2088 (\"SFDR\"), la soci\u00e9t\u00e9 est d\u00e9finie comme un \"participant au march\u00e9 financier\".<\/p>\n<p>Conform\u00e9ment \u00e0 l'article 10(1) du SFDR, les participants aux march\u00e9s financiers sont tenus de publier et de tenir \u00e0 jour sur leurs sites web les informations suivantes pour chaque produit financier vis\u00e9 \u00e0 l'article 8(1) et \u00e0 l'article 9(1), (2) et (3) :<\/p>\n<p style=\"padding-left: 40px;\">(a) une description des caract\u00e9ristiques environnementales ou sociales ou de l'objectif d'investissement durable ;<\/p>\n<p style=\"padding-left: 40px;\">(b) des informations sur les m\u00e9thodes utilis\u00e9es pour \u00e9valuer, mesurer et suivre les caract\u00e9ristiques environnementales ou sociales ou l'impact des investissements durables s\u00e9lectionn\u00e9s pour le produit financier, y compris les sources de donn\u00e9es, les crit\u00e8res de s\u00e9lection des actifs sous-jacents et les indicateurs de durabilit\u00e9 pertinents utilis\u00e9s pour mesurer les caract\u00e9ristiques environnementales ou sociales ou l'impact durable global du produit financier ;<\/p>\n<p style=\"padding-left: 40px;\">(c) les informations vis\u00e9es aux articles 8 et 9 ;<\/p>\n<p style=\"padding-left: 40px;\">(d) les informations vis\u00e9es \u00e0 l'article 11.<\/p>\n<p>L'objectif de cette d\u00e9claration est de divulguer l'emplacement des informations ci-dessus (points a-d) en ce qui concerne les produits financiers vis\u00e9s \u00e0 l'article 8 de la SFDR ou \u00e0 l'article 9 de la SFDR, que la soci\u00e9t\u00e9 fournit avec des services de soci\u00e9t\u00e9 de gestion d'OPCVM ou de gestionnaire de fonds alternatifs.<\/p>\n<p>\n<\/div><div class=\"kc-elm kc-css-154339 kc_row kc_row_inner\"><div class=\"kc-elm kc-css-816926 kc_col-sm-4 kc_column_inner kc_col-sm-4\"><div class=\"kc_wrapper kc-col-inner-container\">\n<div class=\"kc-elm kc-css-373895 kc-pro-button kc-button-5\">\n\t<a href=\"https:\/\/portal.mcsquare.lu\/\">\n\t\t<span class=\"creative_title\">1. Article 8<\/span>\t<\/a>\n<\/div>\n<\/div><\/div><div class=\"kc-elm kc-css-565381 kc_col-sm-4 kc_column_inner kc_col-sm-4\"><div class=\"kc_wrapper kc-col-inner-container\">\n<div class=\"kc-elm kc-css-494000 kc-pro-button kc-button-5\">\n\t<a href=\"https:\/\/portal.mcsquare.lu\/\">\n\t\t<span class=\"creative_title\">2. Article 9<\/span>\t<\/a>\n<\/div>\n<\/div><\/div><div class=\"kc-elm kc-css-468824 kc_col-sm-4 kc_column_inner kc_col-sm-4\"><div class=\"kc_wrapper kc-col-inner-container\"><\/div><\/div><\/div><div class=\"kc-elm kc-css-777803 kc-animated kc-animate-eff-fadeInRight kc-animate-delay-300 kc_text_block\"><\/p>\n<p>\n<a name=\"readmore\"><\/a><\/p>\n<p>\n<\/div><\/div><\/div><div class=\"kc-elm kc-css-486002 kc_col-sm-2 kc_column kc_col-sm-2\"><div class=\"kc-col-container\"><\/div><\/div><\/div><\/div><\/section><section class=\"kc-elm kc-css-594116 kc_row\"><div class=\"kc-row-container\"><div class=\"kc-wrap-columns\"><div class=\"kc-elm kc-css-285213 kc_col-sm-1 kc_column kc_col-sm-1\"><div class=\"kc-col-container\"><\/div><\/div><div class=\"kc-elm kc-css-751094 kc_col-sm-9 kc_column kc_col-sm-9\"><div class=\"kc-col-container\"><div class=\"kc-elm kc-css-502376 kc-animated kc-animate-eff-fadeInRight kc-animate-delay-300 kc_text_block\"><\/p>\n<p><a name=\"portfolio\"><\/a><\/p>\n<p>\n<\/div><div class=\"kc-elm kc-css-859076 kc-animated kc-animate-eff-bounce kc_text_block\"><\/p>\n<p>Article 8 - Produits financiers<\/p>\n<p>\n<\/div><div class=\"kc-elm kc-css-92620 kc-animated kc-animate-eff-fadeIn kc_text_block Placeuro SICAV-UCITS: Placeuro Gold Mines Discovery (ORION)\"><\/p>\n<table>\n<tbody>\n<tr valign=\"TOP\">\n<td colspan=\"2\" bgcolor=\"#009fe3\" width=\"43%\" height=\"12\">\n<p align=\"CENTER\"><span style=\"color: #ffffff;\"><b>Produit financier<\/b><\/span><\/p>\n<\/td>\n<td colspan=\"3\" bgcolor=\"#009fe3\" width=\"57%\">\n<p align=\"CENTER\"><span style=\"color: #ffffff;\"><b>Publication en mati\u00e8re de d\u00e9veloppement durable<\/b><\/span><\/p>\n<\/td>\n<\/tr>\n<tr valign=\"TOP\">\n<td colspan=\"2\" bgcolor=\"#ebebeb\" width=\"43%\" height=\"12\">\n<p style=\"text-align: left;\" align=\"CENTER\"><span style=\"color: #000000;\">Fasanara Investments SA, SICAV-RAIF: Trade Finance Fund<\/span><\/p>\n<\/td>\n<td colspan=\"2\" bgcolor=\"#ebebeb\" width=\"43%\" height=\"12\">\n<p align=\"CENTER\"><span style=\"text-decoration: underline;\"><a href=\"https:\/\/www.mcsquare.lu\/fr\/srwd-fasanara-trade-finance-fund-tff-art-8-v2-01-03-2023\/\"><span style=\"color: #000000;\">SRWD &#8211; 01\/03\/2023<\/span><\/a><\/span><\/p>\n<p align=\"CENTER\">Date de publication : 01\/01\/2023<\/p>\n<p align=\"CENTER\">Date de la derni\u00e8re mise \u00e0 jour : 01\/03\/2023<\/p>\n<\/td>\n<\/tr>\n<tr valign=\"TOP\">\n<td colspan=\"2\" bgcolor=\"#ebebeb\" width=\"43%\" height=\"12\">\n<p style=\"text-align: left;\" align=\"CENTER\"><span style=\"color: #000000;\">Fasanara Investments SA, SICAV-RAIF: Generali Digital Invoice Financing<\/span><\/p>\n<\/td>\n<td colspan=\"2\" bgcolor=\"#ebebeb\" width=\"43%\" height=\"12\">\n<p align=\"CENTER\"><span style=\"text-decoration: underline;\"><a href=\"https:\/\/www.mcsquare.lu\/fr\/srwd-fasanara-generali-digital-invoice-financing-fund-gdi-art-8-v2-01-03-2023\/\"><span style=\"color: #000000;\">SRWD &#8211; 01\/03\/2023<\/span><\/a><\/span><\/p>\n<p align=\"CENTER\">Date de publication : 01\/01\/2023<\/p>\n<p align=\"CENTER\">Date de la derni\u00e8re mise \u00e0 jour : 01\/03\/2023<\/p>\n<\/td>\n<\/tr>\n<tr valign=\"TOP\">\n<td colspan=\"2\" bgcolor=\"#ebebeb\" width=\"43%\" height=\"12\">\n<p style=\"text-align: left;\" align=\"CENTER\"><span style=\"color: #000000;\">Fasanara Investments SA, SICAV-RAIF: CGM Fasanara<\/span><\/p>\n<\/td>\n<td colspan=\"2\" bgcolor=\"#ebebeb\" width=\"43%\" height=\"12\">\n<p align=\"CENTER\"><span style=\"text-decoration: underline;\"><a href=\"https:\/\/www.mcsquare.lu\/fr\/srwd-fasanara-cgm-fasanara-fund-cff-art-8-v2-01-03-2023\/\"><span style=\"color: #000000;\">SRWD &#8211; 01\/03\/2023<\/span><\/a><\/span><\/p>\n<p align=\"CENTER\">Date de publication : 01\/01\/2023<\/p>\n<p align=\"CENTER\">Date de la derni\u00e8re mise \u00e0 jour : 01\/03\/2023<\/p>\n<\/td>\n<\/tr>\n<tr valign=\"TOP\">\n<td colspan=\"2\" bgcolor=\"#ebebeb\" width=\"43%\" height=\"12\">\n<p style=\"text-align: left;\" align=\"CENTER\"><span style=\"color: #000000;\">Fasanara Investments SA, SICAV-RAIF: Digital Lending Fund<\/span><\/p>\n<\/td>\n<td colspan=\"2\" bgcolor=\"#ebebeb\" width=\"43%\" height=\"12\">\n<p align=\"CENTER\"><span style=\"text-decoration: underline;\"><a href=\"https:\/\/www.mcsquare.lu\/fr\/srwd-fasanara-fasanara-digital-lending-fund-fdlf-art-8-v2-01-03-2023\/\"><span style=\"color: #000000;\">SRWD &#8211; 01\/03\/2023<\/span><\/a><\/span><\/p>\n<p align=\"CENTER\">Date de publication : 01\/01\/2023<\/p>\n<p align=\"CENTER\">Date de la derni\u00e8re mise \u00e0 jour : 01\/03\/2023<\/p>\n<\/td>\n<\/tr>\n<tr valign=\"TOP\">\n<td colspan=\"2\" bgcolor=\"#ebebeb\" width=\"43%\" height=\"12\">\n<p style=\"text-align: left;\" align=\"CENTER\"><span style=\"color: #000000;\">Fasanara Investments SA, SICAV-RAIF: Azimut Fasanara Global Trade Receivables Fund<\/span><\/p>\n<\/td>\n<td colspan=\"2\" bgcolor=\"#ebebeb\" width=\"43%\" height=\"12\">\n<p align=\"CENTER\"><span style=\"text-decoration: underline;\"><a href=\"https:\/\/www.mcsquare.lu\/fr\/srwd-fasanara-azimut-fasanara-gl-trade-receiv-fund-agtr-art-8-v2-01-03-2023\/\"><span style=\"color: #000000;\">SRWD &#8211; 01\/03\/2023<\/span><\/a><\/span><\/p>\n<p align=\"CENTER\">Date de publication : 01\/01\/2023<\/p>\n<p align=\"CENTER\">Date de la derni\u00e8re mise \u00e0 jour : 01\/03\/2023<\/p>\n<\/td>\n<\/tr>\n<tr valign=\"TOP\">\n<td colspan=\"2\" bgcolor=\"#ebebeb\" width=\"43%\" height=\"12\">\n<p style=\"text-align: left;\" align=\"CENTER\"><span style=\"color: #000000;\">Fasanara Investments SA, SICAV-RAIF: Digital Receivables Fund<\/span><\/p>\n<\/td>\n<td colspan=\"2\" bgcolor=\"#ebebeb\" width=\"43%\" height=\"12\">\n<p align=\"CENTER\"><span style=\"text-decoration: underline;\"><a href=\"https:\/\/www.mcsquare.lu\/fr\/srwd-fasanara-digital-receivables-fund-cdr-art-8-v2-01-03-2023\/\"><span style=\"color: #000000;\">SRWD &#8211; 01\/03\/2023<\/span><\/a><\/span><\/p>\n<p align=\"CENTER\">Date de publication : 01\/01\/2023<\/p>\n<p align=\"CENTER\">Date de la derni\u00e8re mise \u00e0 jour : 01\/03\/2023<\/p>\n<\/td>\n<\/tr>\n<tr valign=\"TOP\">\n<td colspan=\"2\" bgcolor=\"#ebebeb\" width=\"43%\" height=\"12\">\n<p style=\"text-align: left;\" align=\"CENTER\"><span style=\"color: #000000;\">Fasanara Investments SA, SICAV-RAIF: Global Diversified Alternative Debt Fund<\/span><\/p>\n<\/td>\n<td colspan=\"2\" bgcolor=\"#ebebeb\" width=\"43%\" height=\"12\">\n<p align=\"CENTER\"><span style=\"text-decoration: underline;\"><a href=\"https:\/\/www.mcsquare.lu\/fr\/srwd-fasanara-global-diversified-alternative-debt-fund-gdadf-art-8-v2-01-03-2023\/\"><span style=\"color: #000000;\">SRWD &#8211; 01\/03\/2023<\/span><\/a><\/span><\/p>\n<p align=\"CENTER\">Date de publication : 01\/01\/2023<\/p>\n<p align=\"CENTER\">Date de la derni\u00e8re mise \u00e0 jour : 01\/03\/2023<\/p>\n<\/td>\n<\/tr>\n<tr valign=\"TOP\">\n<td colspan=\"2\" bgcolor=\"#ebebeb\" width=\"43%\" height=\"12\">\n<p style=\"text-align: left;\" align=\"CENTER\"><span style=\"color: #000000;\">Fasanara Investments SA, SICAV-RAIF: Trade and Receivable Finance Fund<\/span><\/p>\n<\/td>\n<td colspan=\"2\" bgcolor=\"#ebebeb\" width=\"43%\" height=\"12\">\n<p align=\"CENTER\"><span style=\"text-decoration: underline;\"><a href=\"https:\/\/www.mcsquare.lu\/fr\/srwd-fasanara-trade-and-receivable-finance-fund-trf-art-8-v2-01-03-2023\/\"><span style=\"color: #000000;\">SRWD &#8211; 01\/03\/2023<\/span><\/a><\/span><\/p>\n<p align=\"CENTER\">Date de publication : 01\/01\/2023<\/p>\n<p align=\"CENTER\">Date de la derni\u00e8re mise \u00e0 jour : 01\/03\/2023<\/p>\n<\/td>\n<\/tr>\n<tr valign=\"TOP\">\n<td colspan=\"2\" bgcolor=\"#ebebeb\" width=\"43%\" height=\"12\">\n<p style=\"text-align: left;\" align=\"CENTER\"><span style=\"color: #000000;\">Fasanara Investments III S.A., SICAV-RAIF: Digital<\/span><span style=\"color: #000000;\">\u00a0Receivables Fund (DRF)<\/span><\/p>\n<\/td>\n<td colspan=\"2\" bgcolor=\"#ebebeb\" width=\"43%\" height=\"12\">\n<p align=\"CENTER\"><span style=\"text-decoration: underline;\"><a href=\"https:\/\/www.mcsquare.lu\/fr\/srwd-fasanara-iii-digital-receivables-fund-drf-art-8-v2-01-03-2023\/\"><span style=\"color: #000000;\">SRWD &#8211; 01\/03\/2023<\/span><\/a><\/span><\/p>\n<p align=\"CENTER\">Date de publication : 01\/01\/2023<\/p>\n<p align=\"CENTER\">Date de la derni\u00e8re mise \u00e0 jour : 01\/03\/2023<\/p>\n<\/td>\n<\/tr>\n<tr valign=\"TOP\">\n<td colspan=\"2\" bgcolor=\"#ebebeb\" width=\"43%\" height=\"12\">\n<p style=\"text-align: left;\" align=\"CENTER\"><span style=\"color: #000000;\">Fasanara Investments II SA, SICAV-RAIF: European Alternative Crowdlending Fund<\/span><\/p>\n<\/td>\n<td colspan=\"2\" bgcolor=\"#ebebeb\" width=\"43%\" height=\"12\">\n<p align=\"CENTER\"><span style=\"text-decoration: underline;\"><a href=\"https:\/\/www.mcsquare.lu\/fr\/srwd-fasanara-ii-european-alternative-crowdlending-fund-eac-art-8-v2-01-03-2023\/\"><span style=\"color: #000000;\">SRWD &#8211; 01\/03\/2023<\/span><\/a><\/span><\/p>\n<p align=\"CENTER\">Date de publication : 01\/01\/2023<\/p>\n<p align=\"CENTER\">Date de la derni\u00e8re mise \u00e0 jour : 01\/03\/2023<\/p>\n<\/td>\n<\/tr>\n<tr valign=\"TOP\">\n<td colspan=\"2\" bgcolor=\"#ebebeb\" width=\"43%\" height=\"12\">\n<p style=\"text-align: left;\" align=\"CENTER\"><span style=\"color: #000000;\">Green Blue Funds SCA SICAV-RAIF: Green Blue Capital<\/span><\/p>\n<\/td>\n<td colspan=\"2\" bgcolor=\"#ebebeb\" width=\"43%\" height=\"12\">\n<p align=\"CENTER\"><span style=\"text-decoration: underline;\"><a href=\"https:\/\/www.mcsquare.lu\/fr\/srwd_green-blue_good-governance_-art-8-v2-0-20-04-2023\/\"><span style=\"color: #000000;\">SRWD &#8211; 20\/04\/2023<\/span><\/a><\/span><\/p>\n<p align=\"CENTER\">Date de publication : 01\/01\/2023<\/p>\n<p align=\"CENTER\">Date de la derni\u00e8re mise \u00e0 jour : 20\/04\/2023<\/p>\n<p align=\"CENTER\">\n<\/td>\n<\/tr>\n<tr valign=\"TOP\">\n<td colspan=\"2\" bgcolor=\"#ebebeb\" width=\"43%\" height=\"12\">\n<p style=\"text-align: left;\" align=\"CENTER\"><span style=\"color: #000000;\">Green Blue Funds SCA SICAV-RAIF: Tech Care<\/span><\/p>\n<\/td>\n<td colspan=\"2\" bgcolor=\"#ebebeb\" width=\"43%\" height=\"12\">\n<p align=\"CENTER\"><span style=\"text-decoration: underline;\"><a href=\"https:\/\/www.mcsquare.lu\/wp-content\/uploads\/2024\/01\/SRWD_-Art-8-Tech-Care-V2-12012024.pdf\"><span style=\"color: #000000;\">SRWD &#8211; 12\/01\/2024<\/span><\/a><\/span><\/p>\n<p align=\"CENTER\">Date of Publication: 12\/01\/2024<\/p>\n<p align=\"CENTER\">Date of latest update: 12\/01\/2024<\/p>\n<p align=\"CENTER\">\n<\/td>\n<\/tr>\n<tr valign=\"TOP\">\n<td colspan=\"2\" bgcolor=\"#ebebeb\" width=\"43%\" height=\"12\">\n<p style=\"text-align: left;\" align=\"CENTER\"><span style=\"color: #000000;\">Placeuro SICAV-UCITS: Placeuro Abacus Discovery (ORION)<\/span><\/p>\n<p align=\"CENTER\">\n<\/td>\n<td colspan=\"2\" bgcolor=\"#ebebeb\" width=\"43%\" height=\"12\">\n<p align=\"CENTER\"><span style=\"text-decoration: underline;\"><a href=\"https:\/\/www.mcsquare.lu\/wp-content\/uploads\/2024\/06\/SRWD-Art8-ABACUS-FR_V1.pdf\"><span style=\"color: #000000;\">SRWD &#8211; 21\/06\/2023<\/span><\/a><\/span><\/p>\n<p align=\"CENTER\">Date de publication : 21\/06\/2023<\/p>\n<p align=\"CENTER\">Date de la derni\u00e8re mise \u00e0 jour : 21\/06\/2023<\/p>\n<\/td>\n<\/tr>\n<tr valign=\"TOP\">\n<td colspan=\"2\" bgcolor=\"#ebebeb\" width=\"43%\" height=\"12\">\n<p style=\"text-align: left;\" align=\"CENTER\"><span style=\"color: #000000;\">Placeuro SICAV-UCITS: Placeuro Gold Mines<\/span><\/p>\n<p align=\"CENTER\">\n<\/td>\n<td colspan=\"2\" bgcolor=\"#ebebeb\" width=\"43%\" height=\"12\">\n<p align=\"CENTER\"><span style=\"text-decoration: underline;\"><a href=\"https:\/\/www.mcsquare.lu\/wp-content\/uploads\/2024\/06\/SRWD_-Art-8_FR_Placeuro_Gold-Mines_V1-1.pdf\"><span style=\"color: #000000;\">SRWD &#8211; 21\/06\/2023<\/span><\/a><\/span><\/p>\n<p align=\"CENTER\">Date of Publication: 13\/06\/2024<\/p>\n<p align=\"CENTER\">Date of latest update: 13\/06\/2024<\/p>\n<\/td>\n<\/tr>\n<\/tbody>\n<\/table>\n<p style=\"text-align: left;\" align=\"CENTER\">\n<\/div><\/div><\/div><div class=\"kc-elm kc-css-77068 kc_col-sm-2 kc_column kc_col-sm-2\"><div class=\"kc-col-container\"><\/div><\/div><\/div><\/div><\/section><section class=\"kc-elm kc-css-241475 kc_row\"><div class=\"kc-row-container\"><div class=\"kc-wrap-columns\"><div class=\"kc-elm kc-css-598104 kc_col-sm-1 kc_column kc_col-sm-1\"><div class=\"kc-col-container\"><\/div><\/div><div class=\"kc-elm kc-css-623770 kc_col-sm-9 kc_column kc_col-sm-9\"><div class=\"kc-col-container\"><div class=\"kc-elm kc-css-803156 kc-animated kc-animate-eff-fadeInRight kc-animate-delay-300 kc_text_block\"><\/p>\n<p><a name=\"docu\"><\/a><\/p>\n<p>\n<\/div><div class=\"kc-elm kc-css-655161 kc-animated kc-animate-eff-bounce kc_text_block\"><\/p>\n<p>Article 9 - Produits financiers<\/p>\n<p>\n<\/div><div class=\"kc-elm kc-css-918514 kc-animated kc-animate-eff-fadeIn kc_text_block\"><\/p>\n<table>\n<tbody>\n<tr valign=\"TOP\">\n<td colspan=\"2\" bgcolor=\"#009fe3\" width=\"43%\" height=\"12\">\n<p align=\"CENTER\"><span style=\"color: #ffffff;\"><b>Produit financier<\/b><\/span><\/p>\n<\/td>\n<td colspan=\"3\" bgcolor=\"#009fe3\" width=\"57%\">\n<p align=\"CENTER\"><span style=\"color: #ffffff;\"><b>Publication en mati\u00e8re de d\u00e9veloppement durable<\/b><\/span><\/p>\n<\/td>\n<\/tr>\n<tr valign=\"TOP\">\n<td colspan=\"2\" bgcolor=\"#ebebeb\" width=\"43%\" height=\"12\">\n<p style=\"text-align: left;\" align=\"CENTER\"><span style=\"color: #000000;\">Beyond Impact S.A., SICAV-RAIF<\/span><\/p>\n<\/td>\n<td colspan=\"2\" bgcolor=\"#ebebeb\" width=\"43%\" height=\"12\">\n<p align=\"CENTER\"><span style=\"text-decoration: underline;\"><a href=\"https:\/\/www.mcsquare.lu\/fr\/srwd-beyond-impact-vegan-art-9-v1-0-01-01-2023-5\/\"><span style=\"color: #000000;\">SRWD &#8211; 01\/01\/2023<\/span><\/a><\/span><\/p>\n<\/td>\n<\/tr>\n<\/tbody>\n<\/table>\n<p>\n<\/div><div class=\"kc-elm kc-css-421376 kc-animated kc-animate-eff-fadeInRight kc-animate-delay-300 kc_text_block\"><\/p>\n<p><a name=\"docu\"><\/a><\/p>\n<p>\n<\/div><\/div><\/div><div class=\"kc-elm kc-css-918761 kc_col-sm-2 kc_column kc_col-sm-2\"><div class=\"kc-col-container\"><\/div><\/div><\/div><\/div><\/section><section class=\"kc-elm kc-css-573133 kc_row\"><div class=\"kc-row-container\"><div class=\"kc-wrap-columns\"><div class=\"kc-elm kc-css-439645 kc_col-sm-12 kc_column kc_col-sm-12\"><div class=\"kc-col-container\"><div class=\"kc-elm kc-css-870819 kc_text_block\"><\/p>\n<p>\n\u00a9 2020 <a href=\"http:\/\/www.tribusagency.it\">TribusAgency.it<\/a> | MC SQUARE <a href=\"https:\/\/www.mcsquare.lu\/fr\/policies\/\">POLICIES<\/a><\/p>\n<p>\n<\/div><\/div><\/div><\/div><\/div><\/section><\/p>","protected":false},"excerpt":{"rendered":"","protected":false},"author":4,"featured_media":0,"parent":4359,"menu_order":0,"comment_status":"closed","ping_status":"closed","template":"template-parts\/template-homepage.php","meta":{"om_disable_all_campaigns":false,"_monsterinsights_skip_tracking":false,"_monsterinsights_sitenote_active":false,"_monsterinsights_sitenote_note":"","_monsterinsights_sitenote_category":0,"footnotes":""},"class_list":["post-6047","page","type-page","status-publish","hentry"],"aioseo_notices":[],"jetpack_sharing_enabled":true,"_links":{"self":[{"href":"https:\/\/www.mcsquare.lu\/fr\/wp-json\/wp\/v2\/pages\/6047","targetHints":{"allow":["GET"]}}],"collection":[{"href":"https:\/\/www.mcsquare.lu\/fr\/wp-json\/wp\/v2\/pages"}],"about":[{"href":"https:\/\/www.mcsquare.lu\/fr\/wp-json\/wp\/v2\/types\/page"}],"author":[{"embeddable":true,"href":"https:\/\/www.mcsquare.lu\/fr\/wp-json\/wp\/v2\/users\/4"}],"replies":[{"embeddable":true,"href":"https:\/\/www.mcsquare.lu\/fr\/wp-json\/wp\/v2\/comments?post=6047"}],"version-history":[{"count":145,"href":"https:\/\/www.mcsquare.lu\/fr\/wp-json\/wp\/v2\/pages\/6047\/revisions"}],"predecessor-version":[{"id":8275,"href":"https:\/\/www.mcsquare.lu\/fr\/wp-json\/wp\/v2\/pages\/6047\/revisions\/8275"}],"up":[{"embeddable":true,"href":"https:\/\/www.mcsquare.lu\/fr\/wp-json\/wp\/v2\/pages\/4359"}],"wp:attachment":[{"href":"https:\/\/www.mcsquare.lu\/fr\/wp-json\/wp\/v2\/media?parent=6047"}],"curies":[{"name":"wp","href":"https:\/\/api.w.org\/{rel}","templated":true}]}}