{"id":4765,"date":"2021-01-28T16:11:51","date_gmt":"2021-01-28T15:11:51","guid":{"rendered":"https:\/\/www.mcsquare.lu\/?page_id=4765"},"modified":"2023-07-28T13:28:22","modified_gmt":"2023-07-28T12:28:22","slug":"set-up-your-fund","status":"publish","type":"page","link":"https:\/\/www.mcsquare.lu\/fr\/set-up-your-fund\/","title":{"rendered":"Set-up your fund"},"content":{"rendered":"<p><section class=\"kc-elm kc-css-472503 kc_row\"><div class=\"kc-row-container\"><div class=\"kc-wrap-columns\"><div class=\"kc-elm kc-css-732138 kc_col-sm-12 kc_column kc_col-sm-12\"><div class=\"kc-col-container\"><div class=\"kc-elm kc-css-580445 kc-animated kc-animate-eff-bounceInDown kc-animate-delay-600 kc_text_block\"><\/p>\n<p style=\"text-align: center;\">VOTRE PROJET<\/p>\n<p>\n<\/div><div class=\"kc-elm kc-css-431534 kc-animated kc-animate-eff-bounce kc-icon-wrapper\">\n\t\t<a href=\"#SETUP\" target=\"_self\" title=\"\">\n\t\t<i class=\"sl-arrow-down\"><\/i>\n\t\t<\/a>\n\t<\/div>\n<\/div><\/div><\/div><\/div><\/section><section id=\"SETUP\" class=\"kc-elm kc-css-592911 kc-animated kc-animate-eff-bounceInLeft kc_row\"><div class=\"kc-row-container  kc-container\"><div class=\"kc-wrap-columns\"><div class=\"kc-elm kc-css-585528 kc_col-sm-12 kc_column kc_col-sm-12\"><div class=\"kc-col-container\"><div class=\"kc-elm kc-css-649584 kc_text_block\"><\/p>\n<p>\nCr\u00e9ez votre fonds d'investissement avec nous<\/p>\n<p>\n<\/div><div class=\"kc-elm kc-css-738365 kc_text_block\"><\/p>\n<p class=\"translation-block\">Nous vous remercions d'avoir choisi de constituer aujourd'hui votre fonds d'investissement au Luxembourg avec MC Square. Commencez par cliquer sur le bouton ci-dessous et suivez les \u00e9tapes qui vous demandent de d\u00e9finir plus pr\u00e9cis\u00e9ment votre fonds ou de fixer un rendez-vous avec notre \u00e9quipe commerciale.<\/p>\n<p><span style=\"font-style: inherit;\">En cas d'erreur, il vous suffit de revenir en arri\u00e8re et de corriger votre s\u00e9lection pour que le voyage se mette \u00e0 jour. Une fois que vous avez termin\u00e9 votre parcours, indiquez vos coordonn\u00e9es \u00e0 la toute fin. Nous examinerons votre projet et pr\u00e9parerons une solution sur mesure pour vous.<\/span><\/p>\n<p>\n<\/div><\/div><\/div><\/div><\/div><\/section><section class=\"kc-elm kc-css-711263 kc_row\"><div class=\"kc-row-container  kc-container\"><div class=\"kc-wrap-columns\"><div class=\"kc-elm kc-css-809651 kc_col-sm-6 kc_column kc_col-sm-6\"><div class=\"kc-col-container\"><div class=\"kc-elm kc-css-936590 kc-animated kc-animate-eff-fadeIn kc_text_block\"><\/p>\n<div class=\"cognito\"><script src=\"https:\/\/www.cognitoforms.com\/s\/JuIghmQwWkG82WFWj9tuFg\"><\/script><\/div>\n<div class=\"cognito\"><script>Cognito.load(\"forms\", { id: \"4\" });<\/script><\/div>\n<div class=\"cognito\"><\/div>\n<p>\n<\/div><\/div><\/div><div class=\"kc-elm kc-css-234173 kc_col-sm-4 kc_column kc_col-sm-4\"><div class=\"kc-col-container\"><div class=\"kc-elm kc-css-361926 kc-animated kc-animate-eff-fadeIn kc_text_block\"><\/p>\n<div class=\"cognito\"><strong>Rendez-vous avec notre \u00e9quipe commerciale<\/strong><\/div>\n<p>\n<\/div>\n<div class=\"kc-elm kc-css-817192 kc-team kc-team-2\">\n\n\t<figure class=\"content-image\"><img decoding=\"async\" src=\"https:\/\/i0.wp.com\/www.mcsquare.lu\/wp-content\/uploads\/2023\/01\/Christophe-scaled.jpg?fit=2560%2C1707&ssl=1\" alt=\"\"><\/figure><div class=\"box-right\"><div class=\"content-title\">Christophe Jehanno<\/div><div class=\"content-subtitle\">Senior Manager - Sales & Relationship Management<\/div><div class=\"content-desc\">cjehanno@mcsquare.lu<\/div><div class=\"content-socials\"><a href=\"https:\/\/www.linkedin.com\/in\/christophe-jehanno-7a95b8aa\/\" target=\"_blank\"><i class=\"fab-linkedin-in\"><\/i><\/a><\/div><\/div>\n<\/div>\n<div class=\"kc-elm kc-css-470009 kc-animated kc-animate-eff-fadeIn kc_text_block\"><\/p>\n<div class=\"cognito\"><\/div>\n<p>\n<\/div><\/div><\/div><div class=\"kc-elm kc-css-261357 kc_col-sm-2 kc_column kc_col-sm-2\"><div class=\"kc-col-container\"><div class=\"kc-elm kc-css-442805\" style=\"height: 63px; clear: both; width:100%;\"><\/div><div class=\"kc-elm kc-css-100033 kc-animated kc-animate-eff-fadeIn kc_text_block\"><\/p>\n<div class=\"cognito\"><strong>\u00a0<\/strong><\/div>\n<div class=\"cognito\"><strong>Fixer un rendez-vous avec Christophe<\/strong><\/div>\n<div class=\"cognito\"><strong><br \/><\/strong><\/div>\n<p>\n<\/div><div class=\"kc-elm kc-css-50597 kc-icon-wrapper\">\n\t\t<a href=\"https:\/\/cloud.teamleader.eu\/mc-square-sa\/bookings\/u\/christophe\/t\/30-minute-online-meeting-with-christophe-jehanno\/\" target=\"_self\" title=\"\">\n\t\t<i class=\"et-calendar\"><\/i>\n\t\t<\/a>\n\t<\/div>\n<div class=\"kc-elm kc-css-679838\" style=\"height: 73px; clear: both; width:100%;\"><\/div><\/div><\/div><\/div><\/div><\/section><section class=\"kc-elm kc-css-709259 kc_row\"><div class=\"kc-row-container\"><div class=\"kc-wrap-columns\"><div class=\"kc-elm kc-css-424420 kc_col-sm-12 kc_column kc_col-sm-12\"><div class=\"kc-col-container\"><div class=\"kc-elm kc-css-247591\" style=\"height: 100px; clear: both; width:100%;\"><\/div><div class=\"kc-elm kc-css-527197 kc_row kc_row_inner\"><div class=\"kc-elm kc-css-443373 kc_col-sm-3 kc_column_inner kc_col-sm-3\"><div class=\"kc_wrapper kc-col-inner-container\">\r\n\t\t\t<div class=\"kc-elm kc-css-943763 kc-highlight-box kc-hb-slide-up\" data-delay=\"3\" data-animate=\"kc-hb-none\">\r\n\r\n\t\t\t\t<div class=\"kc-hb-content\">\r\n\t\t\t\t\t<div class=\"kc-elm kc-css-587027 kc_text_block\"><\/p>\n<p>NOUS CONTACTER<\/p>\n<p>\n<\/div>\t\t\t\t<\/div>\r\n\t\t\t\t<div class=\"kc-hb-icon\">\r\n\t\t\t\t\t<i class=\"sl-note\"><\/i>\t\t\t\t<\/div>\r\n\t\t\t\t<a href=\"https:\/\/www.mcsquare.lu\/fr\/contact\/\" target=\"_self\" title=\"NOS CONTACTS\" class=\"kc-hb-overlay\" >&nbsp;<\/a>\r\n\r\n\t\t\t<\/div>\r\n\r\n\t\t<\/div><\/div><div class=\"kc-elm kc-css-690677 kc_col-sm-3 kc_column_inner kc_col-sm-3\"><div class=\"kc_wrapper kc-col-inner-container\">\r\n\t\t\t<div class=\"kc-elm kc-css-902772 kc-highlight-box kc-hb-slide-up\" data-delay=\"3\" data-animate=\"kc-hb-none\">\r\n\r\n\t\t\t\t<div class=\"kc-hb-content\">\r\n\t\t\t\t\t<div class=\"kc-elm kc-css-78909 kc_text_block\"><\/p>\n<p>BROCHURE<\/p>\n<p>\n<\/div>\t\t\t\t<\/div>\r\n\t\t\t\t<div class=\"kc-hb-icon\">\r\n\t\t\t\t\t<i class=\"sl-book-open\"><\/i>\t\t\t\t<\/div>\r\n\t\t\t\t<a href=\"https:\/\/www.mcsquare.lu\/fr\/brochure\/\" target=\"_self\" title=\"Brochure\" class=\"kc-hb-overlay\" >&nbsp;<\/a>\r\n\r\n\t\t\t<\/div>\r\n\r\n\t\t<\/div><\/div><div class=\"kc-elm kc-css-203517 kc_col-sm-3 kc_column_inner kc_col-sm-3\"><div class=\"kc_wrapper kc-col-inner-container\">\r\n\t\t\t<div class=\"kc-elm kc-css-718757 kc-highlight-box kc-hb-slide-up\" data-delay=\"3\" data-animate=\"kc-hb-none\">\r\n\r\n\t\t\t\t<div class=\"kc-hb-content\">\r\n\t\t\t\t\t<div class=\"kc-elm kc-css-378947 kc_text_block\"><\/p>\n<p>VOTRE FONDS<\/p>\n<p>\n<\/div>\t\t\t\t<\/div>\r\n\t\t\t\t<div class=\"kc-hb-icon\">\r\n\t\t\t\t\t<i class=\"sl-rocket\"><\/i>\t\t\t\t<\/div>\r\n\t\t\t\t<a href=\"https:\/\/www.mcsquare.lu\/fr\/set-up-your-fund\/\" target=\"_self\" title=\"Set-up your fund\" class=\"kc-hb-overlay\" >&nbsp;<\/a>\r\n\r\n\t\t\t<\/div>\r\n\r\n\t\t<\/div><\/div><div class=\"kc-elm kc-css-882879 kc_col-sm-3 kc_column_inner kc_col-sm-3\"><div class=\"kc_wrapper kc-col-inner-container\">\r\n\t\t\t<div class=\"kc-elm kc-css-570849 kc-highlight-box kc-hb-slide-up\" data-delay=\"3\" data-animate=\"kc-hb-none\">\r\n\r\n\t\t\t\t<div class=\"kc-hb-content\">\r\n\t\t\t\t\t<div class=\"kc-elm kc-css-867570 kc_text_block\"><\/p>\n<p>RESEAU<\/p>\n<p>\n<\/div>\t\t\t\t<\/div>\r\n\t\t\t\t<div class=\"kc-hb-icon\">\r\n\t\t\t\t\t<i class=\"sl-social-linkedin\"><\/i>\t\t\t\t<\/div>\r\n\t\t\t\t<a href=\"https:\/\/www.linkedin.com\/company\/mc-square-sa\/\" target=\"_self\" title=\"LinkedIn\" class=\"kc-hb-overlay\" >&nbsp;<\/a>\r\n\r\n\t\t\t<\/div>\r\n\r\n\t\t<\/div><\/div><\/div><div class=\"kc-elm kc-css-785953\" style=\"height: 204px; clear: both; width:100%;\"><\/div><\/div><\/div><\/div><\/div><\/section><\/p>","protected":false},"excerpt":{"rendered":"","protected":false},"author":4,"featured_media":0,"parent":0,"menu_order":0,"comment_status":"closed","ping_status":"closed","template":"template-parts\/template-homepage.php","meta":{"om_disable_all_campaigns":false,"_monsterinsights_skip_tracking":false,"_monsterinsights_sitenote_active":false,"_monsterinsights_sitenote_note":"","_monsterinsights_sitenote_category":0,"footnotes":""},"class_list":["post-4765","page","type-page","status-publish","hentry"],"aioseo_notices":[],"jetpack_sharing_enabled":true,"_links":{"self":[{"href":"https:\/\/www.mcsquare.lu\/fr\/wp-json\/wp\/v2\/pages\/4765","targetHints":{"allow":["GET"]}}],"collection":[{"href":"https:\/\/www.mcsquare.lu\/fr\/wp-json\/wp\/v2\/pages"}],"about":[{"href":"https:\/\/www.mcsquare.lu\/fr\/wp-json\/wp\/v2\/types\/page"}],"author":[{"embeddable":true,"href":"https:\/\/www.mcsquare.lu\/fr\/wp-json\/wp\/v2\/users\/4"}],"replies":[{"embeddable":true,"href":"https:\/\/www.mcsquare.lu\/fr\/wp-json\/wp\/v2\/comments?post=4765"}],"version-history":[{"count":43,"href":"https:\/\/www.mcsquare.lu\/fr\/wp-json\/wp\/v2\/pages\/4765\/revisions"}],"predecessor-version":[{"id":7154,"href":"https:\/\/www.mcsquare.lu\/fr\/wp-json\/wp\/v2\/pages\/4765\/revisions\/7154"}],"wp:attachment":[{"href":"https:\/\/www.mcsquare.lu\/fr\/wp-json\/wp\/v2\/media?parent=4765"}],"curies":[{"name":"wp","href":"https:\/\/api.w.org\/{rel}","templated":true}]}}