{"id":4500,"date":"2021-01-25T13:51:18","date_gmt":"2021-01-25T12:51:18","guid":{"rendered":"https:\/\/www.mcsquare.lu\/?page_id=4500"},"modified":"2025-02-03T14:42:16","modified_gmt":"2025-02-03T13:42:16","slug":"green-square","status":"publish","type":"page","link":"https:\/\/www.mcsquare.lu\/fr\/mc-square-solutions-since-1988\/green-square\/","title":{"rendered":"GREEN SQUARE"},"content":{"rendered":"<p><section class=\"kc-elm kc-css-831976 kc_row\"><div class=\"kc-row-container\"><div class=\"kc-wrap-columns\"><div class=\"kc-elm kc-css-466313 kc_col-sm-2 kc_column kc_col-sm-2\"><div class=\"kc-col-container\"><\/div><\/div><div class=\"kc-elm kc-css-893867 kc_col-sm-4 kc_column kc_col-sm-4\"><div class=\"kc-col-container\"><div class=\"kc-elm kc-css-671263 kc_text_block\"><\/p>\n<p>solutions<\/p>\n<p>\n<\/div><div class=\"kc-elm kc-css-607056 kc-animated kc-animate-eff-bounceInDown kc-animate-delay-400 kc_text_block\"><\/p>\n<div class=\"notranslate\">GREEN SQUARE<\/div>\n<p>\n<\/div><div class=\"kc-elm kc-css-983916 kc_text_block\"><\/p>\n<p>Ax\u00e9 sur l'avenir du monde, MC Square propose des services sp\u00e9cifiques destin\u00e9s \u00e0 am\u00e9liorer la conformit\u00e9 de votre fonds avec les risques li\u00e9s au d\u00e9veloppement durable et \u00e0 l'ESG.<\/p>\n<p>\n<\/div>\n<div class=\"kc-elm kc-css-190690\">\n\t<a class=\"kc_button\" href=\"#readmore\" target=\"_self\" title=\"\" onclick=\"\">\n\t\tFAIRE D\u00c9FILER <i class=\"sl-arrow-down\"><\/i>\t<\/a>\n<\/div>\n<div class=\"kc-elm kc-css-739746 kc-animated kc-animate-eff-fadeInRight kc-animate-delay-300 kc_text_block\"><\/p>\n<p>\n<a name=\"readmore\"><\/a><\/p>\n<p>\n<\/div><\/div><\/div><div class=\"kc-elm kc-css-472196 kc_col-sm-6 kc_column kc_col-sm-6\"><div class=\"kc-col-container\"><\/div><\/div><\/div><\/div><\/section><section class=\"kc-elm kc-css-343641 kc_row\"><div class=\"kc-row-container\"><div class=\"kc-wrap-columns\"><div class=\"kc-elm kc-css-323358 kc_col-sm-5 kc_column kc_col-sm-5\"><div class=\"kc-col-container\"><\/div><\/div><div class=\"kc-elm kc-css-598804 kc_col-sm-5 kc_column kc_col-sm-5\"><div class=\"kc-col-container\"><div class=\"kc-elm kc-css-258634 kc-animated kc-animate-eff-bounceInRight kc-animate-delay-50 kc_text_block\"><\/p>\n<div class=\"notranslate\"><span style=\"color: #3d3d3d !important;\">1.<\/span> CONCEPTION ESG<\/div>\n<p>\n<\/div><div class=\"kc-elm kc-css-186484 kc-animated kc-animate-eff-bounceInRight kc-animate-delay-50 kc_text_block\"><\/p>\n<p class=\"translation-block\">Nous vous fournissons des conseils et une expertise sur la conception de votre fonds ESG, tout en \u00e9tant structur\u00e9s en fonction de vos besoins exacts. Nous pouvons concevoir votre propre v\u00e9hicule ESG de marque priv\u00e9e.<\/p>\n<p>\n<\/div><div class=\"kc-elm kc-css-529382 kc-animated kc-animate-eff-bounceInLeft kc-animate-delay-100 kc_text_block\"><\/p>\n<div class=\"notranslate\"><span style=\"color: #3d3d3d !important;\">2.<\/span> GOUVERNANCE<\/div>\n<p>\n<\/div><div class=\"kc-elm kc-css-674391 kc-animated kc-animate-eff-bounceInLeft kc-animate-delay-100 kc_text_block\"><\/p>\n<p>La bonne gouvernance d'entreprise est au c\u0153ur de l'investissement d'impact. Nos services de gouvernance sont l\u00e0 pour s'assurer que la gouvernance de votre fonds est saine.\u00a0 Vous b\u00e9n\u00e9ficiez d'un soutien administratif et de conseils pour g\u00e9rer votre fonds selon les meilleurs principes de gouvernance proactive.<\/p>\n<p>\n<\/div><div class=\"kc-elm kc-css-625325 kc-animated kc-animate-eff-bounceInRight kc-animate-delay-150 kc_text_block\"><\/p>\n<div class=\"notranslate\"><span style=\"color: #3d3d3d !important;\">3.<\/span> MANCO<\/div>\n<p>\n<\/div><div class=\"kc-elm kc-css-987023 kc-animated kc-animate-eff-bounceInRight kc-animate-delay-150 kc_text_block\"><\/p>\n<p>Chez MC Square, nous comprenons \u00e0 la fois l'opportunit\u00e9 et l'obligation d'apporter un changement social significatif par le biais de l'investissement. Nous soutenons les gestionnaires \u00e9mergents qui investissent diff\u00e9rents types de strat\u00e9gies et d'actifs ESG, ce qui leur permet de se concentrer sur l'essentiel : le d\u00e9veloppement et l'ex\u00e9cution de leurs propres strat\u00e9gies d'investissement ESG pour leurs clients.<\/p>\n<p>\n<\/div><div class=\"kc-elm kc-css-999259 kc-animated kc-animate-eff-bounceInLeft kc-animate-delay-200 kc_text_block\"><\/p>\n<div class=\"notranslate\"><span style=\"color: #3d3d3d !important;\">4.<\/span> IMPACT<\/div>\n<p>\n<\/div><div class=\"kc-elm kc-css-441634 kc-animated kc-animate-eff-bounceInLeft kc-animate-delay-200 kc_text_block\"><\/p>\n<p><span style=\"font-style: inherit;\">MC Square<\/span>\u00a0s'engage \u00e0 favoriser l'int\u00e9gration des facteurs environnementaux, sociaux et de gouvernance (ESG) dans le processus d'investissement des fonds.<\/p>\n<p>\n<\/div><\/div><\/div><div class=\"kc-elm kc-css-61525 kc_col-sm-2 kc_column kc_col-sm-2\"><div class=\"kc-col-container\"><\/div><\/div><\/div><\/div><\/section><section class=\"kc-elm kc-css-942138 kc_row\"><div class=\"kc-row-container  kc-container\"><div class=\"kc-wrap-columns\"><div class=\"kc-elm kc-css-376996 kc_col-sm-2 kc_column kc_col-sm-2\"><div class=\"kc-col-container\"><\/div><\/div><div class=\"kc-elm kc-css-444384 kc_col-sm-8 kc_column kc_col-sm-8\"><div class=\"kc-col-container\"><div class=\"kc-elm kc-css-429076 kc_text_block\"><\/p>\n<p><iframe loading=\"lazy\" width=\"710\" height=\"1300\" frameborder=\"0\" marginwidth=\"0\" marginheight=\"0\" scrolling=\"no\" src=\"https:\/\/calculator.carbonfootprint.com\/calculator.aspx\"><\/iframe><\/p>\n<p>\n<\/div><\/div><\/div><div class=\"kc-elm kc-css-583756 kc_col-sm-2 kc_column kc_col-sm-2\"><div class=\"kc-col-container\"><\/div><\/div><\/div><\/div><\/section><section class=\"kc-elm kc-css-204472 kc_row\"><div class=\"kc-row-container  kc-container\"><div class=\"kc-wrap-columns\"><div class=\"kc-elm kc-css-480150 kc_col-sm-2 kc_column kc_col-sm-2\"><div class=\"kc-col-container\"><\/div><\/div><div class=\"kc-elm kc-css-826497 kc_col-sm-8 kc_column kc_col-sm-8\"><div class=\"kc-col-container\">\n<div class=\"kc-elm kc-css-726621\">\n\t<a class=\"kc_button\" href=\"https:\/\/calculator.carbonfootprint.com\/calculator.aspx?c\" target=\"_blank\" title=\"\" onclick=\"\">\n\t\t empreinte carbone\t<\/a>\n<\/div>\n<\/div><\/div><div class=\"kc-elm kc-css-300885 kc_col-sm-2 kc_column kc_col-sm-2\"><div class=\"kc-col-container\"><\/div><\/div><\/div><\/div><\/section><section class=\"kc-elm kc-css-274086 kc_row\"><div class=\"kc-row-container\"><div class=\"kc-wrap-columns\"><div class=\"kc-elm kc-css-348967 kc_col-sm-12 kc_column kc_col-sm-12\"><div class=\"kc-col-container\"><div class=\"kc-elm kc-css-755811 kc_text_block\"><\/p>\n<p>\n\u00a9 2020 <a href=\"http:\/\/www.tribusagency.it\">TribusAgency.it<\/a> | MC SQUARE <a href=\"https:\/\/www.mcsquare.lu\/fr\/policies\/\">POLICIES<\/a><\/p>\n<p>\n<\/div><\/div><\/div><\/div><\/div><\/section><\/p>","protected":false},"excerpt":{"rendered":"","protected":false},"author":4,"featured_media":0,"parent":4124,"menu_order":0,"comment_status":"closed","ping_status":"closed","template":"template-parts\/template-homepage.php","meta":{"om_disable_all_campaigns":false,"_monsterinsights_skip_tracking":false,"_monsterinsights_sitenote_active":false,"_monsterinsights_sitenote_note":"","_monsterinsights_sitenote_category":0,"footnotes":""},"class_list":["post-4500","page","type-page","status-publish","hentry"],"aioseo_notices":[],"jetpack_sharing_enabled":true,"_links":{"self":[{"href":"https:\/\/www.mcsquare.lu\/fr\/wp-json\/wp\/v2\/pages\/4500","targetHints":{"allow":["GET"]}}],"collection":[{"href":"https:\/\/www.mcsquare.lu\/fr\/wp-json\/wp\/v2\/pages"}],"about":[{"href":"https:\/\/www.mcsquare.lu\/fr\/wp-json\/wp\/v2\/types\/page"}],"author":[{"embeddable":true,"href":"https:\/\/www.mcsquare.lu\/fr\/wp-json\/wp\/v2\/users\/4"}],"replies":[{"embeddable":true,"href":"https:\/\/www.mcsquare.lu\/fr\/wp-json\/wp\/v2\/comments?post=4500"}],"version-history":[{"count":48,"href":"https:\/\/www.mcsquare.lu\/fr\/wp-json\/wp\/v2\/pages\/4500\/revisions"}],"predecessor-version":[{"id":8223,"href":"https:\/\/www.mcsquare.lu\/fr\/wp-json\/wp\/v2\/pages\/4500\/revisions\/8223"}],"up":[{"embeddable":true,"href":"https:\/\/www.mcsquare.lu\/fr\/wp-json\/wp\/v2\/pages\/4124"}],"wp:attachment":[{"href":"https:\/\/www.mcsquare.lu\/fr\/wp-json\/wp\/v2\/media?parent=4500"}],"curies":[{"name":"wp","href":"https:\/\/api.w.org\/{rel}","templated":true}]}}