{"id":4469,"date":"2021-01-25T11:27:04","date_gmt":"2021-01-25T10:27:04","guid":{"rendered":"https:\/\/www.mcsquare.lu\/?page_id=4469"},"modified":"2025-02-03T14:38:32","modified_gmt":"2025-02-03T13:38:32","slug":"platform-services","status":"publish","type":"page","link":"https:\/\/www.mcsquare.lu\/fr\/mc-square-solutions-since-1988\/platform-services\/","title":{"rendered":"PLATEFORME"},"content":{"rendered":"<p><section class=\"kc-elm kc-css-657994 kc_row\"><div class=\"kc-row-container\"><div class=\"kc-wrap-columns\"><div class=\"kc-elm kc-css-987243 kc_col-of-5 kc_column kc_col-of-5\"><div class=\"kc-col-container\"><\/div><\/div><div class=\"kc-elm kc-css-368376 kc_col-sm-5 kc_column kc_col-sm-5\"><div class=\"kc-col-container\"><div class=\"kc-elm kc-css-432750 kc_text_block\"><\/p>\n<p>solutions<\/p>\n<p>\n<\/div><div class=\"kc-elm kc-css-649090 kc-animated kc-animate-eff-bounceInDown kc-animate-delay-400 kc_text_block\"><\/p>\n<p>Plateforme<\/p>\n<p>\n<\/div><div class=\"kc-elm kc-css-92147 kc_text_block\"><\/p>\n<p style=\"text-align: left;\" class=\"translation-block\">En tant que soci\u00e9t\u00e9 de gestion pleinement \u00e9tablie, nous sommes en mesure d'offrir une solution plus rentable que l'investissement dans votre propre structure.<\/p>\n<p>\n<\/div><div class=\"kc-elm kc-css-607561 kc_row kc_row_inner\"><div class=\"kc-elm kc-css-997453 kc_col-sm-2 kc_column_inner kc_col-sm-2\"><div class=\"kc_wrapper kc-col-inner-container\">\n<div class=\"kc-elm kc-css-70398 kc-pro-button kc-button-5\">\n\t<a href=\"#incubator\">\n\t\t<span class=\"creative_title\">1. Incubateur<\/span>\t<\/a>\n<\/div>\n<\/div><\/div><div class=\"kc-elm kc-css-783759 kc_col-of-5 kc_column_inner kc_col-of-5\"><div class=\"kc_wrapper kc-col-inner-container\">\n<div class=\"kc-elm kc-css-38129 kc-pro-button kc-button-5\">\n\t<a href=\"#tailor\">\n\t\t<span class=\"creative_title\">2. sur mesure<\/span>\t<\/a>\n<\/div>\n<\/div><\/div><div class=\"kc-elm kc-css-154019 kc_col-sm-7 kc_column_inner kc_col-sm-7\"><div class=\"kc_wrapper kc-col-inner-container\"><\/div><\/div><\/div>\n<div class=\"kc-elm kc-css-287572\">\n\t<a class=\"kc_button\" href=\"#readmore\" target=\"_self\" title=\"\" onclick=\"\">\n\t\tFAIRE D\u00c9FILER <i class=\"sl-arrow-down\"><\/i>\t<\/a>\n<\/div>\n<div class=\"kc-elm kc-css-186063 kc-animated kc-animate-eff-fadeInRight kc-animate-delay-300 kc_text_block\"><\/p>\n<p>\n<a name=\"readmore\"><\/a><\/p>\n<p>\n<\/div><\/div><\/div><div class=\"kc-elm kc-css-798138 kc_col-sm-4 kc_column kc_col-sm-4\"><div class=\"kc-col-container\"><\/div><\/div><\/div><\/div><\/section><section class=\"kc-elm kc-css-881525 kc_row\"><div class=\"kc-row-container\"><div class=\"kc-wrap-columns\"><div class=\"kc-elm kc-css-670999 kc_col-sm-2 kc_column kc_col-sm-2\"><div class=\"kc-col-container\"><\/div><\/div><div class=\"kc-elm kc-css-740223 kc_col-sm-5 kc_column kc_col-sm-5\"><div class=\"kc-col-container\"><div class=\"kc-elm kc-css-380480 kc-animated kc-animate-eff-fadeInRight kc-animate-delay-300 kc_text_block\"><\/p>\n<p><a name=\"incubator\"><\/a><\/p>\n<p>\n<\/div><div class=\"kc-elm kc-css-787788 kc-animated kc-animate-eff-fadeIn kc_text_block\"><\/p>\n<p>Incubateur<\/p>\n<p>\n<\/div><div class=\"kc-elm kc-css-66813 kc-animated kc-animate-eff-fadeIn kc_text_block\"><\/p>\n<p>Gr\u00e2ce \u00e0 nos incubateurs, nous parvenons \u00e0 une mise en \u0153uvre plus rapide en ce qui concerne les approbations r\u00e9glementaires. Gr\u00e2ce \u00e0 notre structure parapluie en marque blanche, nous pla\u00e7ons votre fonds au premier plan.<\/p>\n<p>En devenant partenaire de MC Square, vous b\u00e9n\u00e9ficierez d'un acc\u00e8s imm\u00e9diat aux avantages suivants :<\/p>\n<p>\n<\/div><div class=\"kc-elm kc-css-549246 kc-animated kc-animate-eff-bounceInLeft kc-animate-delay-50 kc-feature-boxes kc-fb-layout-3\">\n\n\t<div class=\"content-icon\"><i class=\"fa-check\"><\/i><\/div><div class=\"box-right\"><div class=\"content-desc\">Lancement de vos fonds OPCVM, FIA dans un cadre tr\u00e8s comp\u00e9titif<\/div><\/div>\n<\/div>\n<div class=\"kc-elm kc-css-434927 kc-animated kc-animate-eff-bounceInLeft kc-animate-delay-100 kc-feature-boxes kc-fb-layout-3\">\n\n\t<div class=\"content-icon\"><i class=\"fa-check\"><\/i><\/div><div class=\"box-right\"><div class=\"content-desc\">Gestion compl\u00e8te des relations avec les prestataires de services externes<\/div><\/div>\n<\/div>\n<div class=\"kc-elm kc-css-673163 kc-animated kc-animate-eff-bounceInLeft kc-animate-delay-150 kc-feature-boxes kc-fb-layout-3\">\n\n\t<div class=\"content-icon\"><i class=\"fa-check\"><\/i><\/div><div class=\"box-right\"><div class=\"content-desc\">Structure de co\u00fbts transparente et comp\u00e9titive<\/div><\/div>\n<\/div>\n<div class=\"kc-elm kc-css-935521 kc-animated kc-animate-eff-bounceInLeft kc-animate-delay-200 kc-feature-boxes kc-fb-layout-3\">\n\n\t<div class=\"content-icon\"><i class=\"fa-check\"><\/i><\/div><div class=\"box-right\"><div class=\"content-desc\">Contr\u00f4le ind\u00e9pendant des lignes directrices en mati\u00e8re de gestion des investissements\r\n    <\/div><\/div>\n<\/div>\n<div class=\"kc-elm kc-css-762563 kc-animated kc-animate-eff-bounceInLeft kc-animate-delay-250 kc-feature-boxes kc-fb-layout-3\">\n\n\t<div class=\"content-icon\"><i class=\"fa-check\"><\/i><\/div><div class=\"box-right\"><div class=\"content-desc\">Conformit\u00e9 totale, gestion des risques et rapports<\/div><\/div>\n<\/div>\n<\/div><\/div><div class=\"kc-elm kc-css-799108 kc_col-sm-5 kc_column kc_col-sm-5\"><div class=\"kc-col-container\"><\/div><\/div><\/div><\/div><\/section><section class=\"kc-elm kc-css-835562 kc_row\"><div class=\"kc-row-container\"><div class=\"kc-wrap-columns\"><div class=\"kc-elm kc-css-305702 kc_col-sm-5 kc_column kc_col-sm-5\"><div class=\"kc-col-container\"><\/div><\/div><div class=\"kc-elm kc-css-484692 kc_col-sm-5 kc_column kc_col-sm-5\"><div class=\"kc-col-container\"><div class=\"kc-elm kc-css-948849 kc-animated kc-animate-eff-fadeInRight kc-animate-delay-300 kc_text_block\"><\/p>\n<p><a name=\"tailor\"><\/a><\/p>\n<p>\n<\/div><div class=\"kc-elm kc-css-2141 kc-animated kc-animate-eff-fadeIn kc_text_block\"><\/p>\n<p>sur mesure<\/p>\n<p>\n<\/div><div class=\"kc-elm kc-css-34458 kc-animated kc-animate-eff-fadeIn kc_text_block\"><\/p>\n<p>Si votre objectif est de prot\u00e9ger, de pr\u00e9server et de d\u00e9velopper le patrimoine de vos clients, vos besoins vont bien au-del\u00e0 de la gestion des actifs de vos clients. Vous analysez, voire restructurez le patrimoine de vos clients afin d'optimiser toutes les facettes de leurs besoins. Vous devez avoir acc\u00e8s \u00e0 des produits et structures alternatifs. Un suivi des risques \u00e0 la pointe de la technologie est essentiel. Faciliter l'administration des portefeuilles et faciliter les transitions d'une g\u00e9n\u00e9ration \u00e0 l'autre sont vos jalons.<\/p>\n<p>En vous associant \u00e0 MC Square, vous b\u00e9n\u00e9ficierez d'un ensemble complet de services sur mesure ainsi que du soutien professionnel d'une \u00e9quipe de sp\u00e9cialistes exp\u00e9riment\u00e9s qui comprennent votre activit\u00e9 et se consacrent exclusivement \u00e0 vos besoins. Gr\u00e2ce \u00e0 notre offre, vous pourrez vous concentrer sur l'essentiel, en d\u00e9veloppant et en ex\u00e9cutant la strat\u00e9gie optimale pour vos clients.<\/p>\n<p>Nous vous aidons \u00e0 cr\u00e9er et \u00e0 g\u00e9rer votre propre fonds :<\/p>\n<p>\n<\/div><div class=\"kc-elm kc-css-153935 kc-animated kc-animate-eff-bounceInLeft kc-animate-delay-50 kc-feature-boxes kc-fb-layout-3\">\n\n\t<div class=\"content-icon\"><i class=\"fa-check\"><\/i><\/div><div class=\"box-right\"><div class=\"content-desc\">Soci\u00e9t\u00e9 en commandite sp\u00e9ciale (SCSp) et commandit\u00e9 (GP)<\/div><\/div>\n<\/div>\n<div class=\"kc-elm kc-css-91029 kc-animated kc-animate-eff-bounceInLeft kc-animate-delay-100 kc-feature-boxes kc-fb-layout-3\">\n\n\t<div class=\"content-icon\"><i class=\"fa-check\"><\/i><\/div><div class=\"box-right\"><div class=\"content-desc\">Structures RAIF, SIF et OPCVM<\/div><\/div>\n<\/div>\n<\/div><\/div><div class=\"kc-elm kc-css-235692 kc_col-sm-2 kc_column kc_col-sm-2\"><div class=\"kc-col-container\"><\/div><\/div><\/div><\/div><\/section><section class=\"kc-elm kc-css-299445 kc_row\"><div class=\"kc-row-container\"><div class=\"kc-wrap-columns\"><div class=\"kc-elm kc-css-904681 kc_col-sm-12 kc_column kc_col-sm-12\"><div class=\"kc-col-container\"><div class=\"kc-elm kc-css-906425 kc_text_block\"><\/p>\n<p>\n\u00a9 2020 <a href=\"http:\/\/www.tribusagency.it\">TribusAgency.it<\/a> | MC SQUARE <a href=\"https:\/\/www.mcsquare.lu\/fr\/policies\/\">POLICIES<\/a><\/p>\n<p>\n<\/div><\/div><\/div><\/div><\/div><\/section><\/p>","protected":false},"excerpt":{"rendered":"","protected":false},"author":4,"featured_media":0,"parent":4124,"menu_order":0,"comment_status":"closed","ping_status":"closed","template":"template-parts\/template-homepage.php","meta":{"om_disable_all_campaigns":false,"_monsterinsights_skip_tracking":false,"_monsterinsights_sitenote_active":false,"_monsterinsights_sitenote_note":"","_monsterinsights_sitenote_category":0,"footnotes":""},"class_list":["post-4469","page","type-page","status-publish","hentry"],"aioseo_notices":[],"jetpack_sharing_enabled":true,"_links":{"self":[{"href":"https:\/\/www.mcsquare.lu\/fr\/wp-json\/wp\/v2\/pages\/4469","targetHints":{"allow":["GET"]}}],"collection":[{"href":"https:\/\/www.mcsquare.lu\/fr\/wp-json\/wp\/v2\/pages"}],"about":[{"href":"https:\/\/www.mcsquare.lu\/fr\/wp-json\/wp\/v2\/types\/page"}],"author":[{"embeddable":true,"href":"https:\/\/www.mcsquare.lu\/fr\/wp-json\/wp\/v2\/users\/4"}],"replies":[{"embeddable":true,"href":"https:\/\/www.mcsquare.lu\/fr\/wp-json\/wp\/v2\/comments?post=4469"}],"version-history":[{"count":57,"href":"https:\/\/www.mcsquare.lu\/fr\/wp-json\/wp\/v2\/pages\/4469\/revisions"}],"predecessor-version":[{"id":8214,"href":"https:\/\/www.mcsquare.lu\/fr\/wp-json\/wp\/v2\/pages\/4469\/revisions\/8214"}],"up":[{"embeddable":true,"href":"https:\/\/www.mcsquare.lu\/fr\/wp-json\/wp\/v2\/pages\/4124"}],"wp:attachment":[{"href":"https:\/\/www.mcsquare.lu\/fr\/wp-json\/wp\/v2\/media?parent=4469"}],"curies":[{"name":"wp","href":"https:\/\/api.w.org\/{rel}","templated":true}]}}