{"id":4326,"date":"2021-01-20T16:36:31","date_gmt":"2021-01-20T15:36:31","guid":{"rendered":"https:\/\/www.mcsquare.lu\/?page_id=4326"},"modified":"2025-02-03T14:40:19","modified_gmt":"2025-02-03T13:40:19","slug":"distribute-everywhere","status":"publish","type":"page","link":"https:\/\/www.mcsquare.lu\/fr\/distribute-everywhere\/","title":{"rendered":"DISTRIBUTION"},"content":{"rendered":"<p><section class=\"kc-elm kc-css-285185 kc_row\"><div class=\"kc-row-container\"><div class=\"kc-wrap-columns\"><div class=\"kc-elm kc-css-106738 kc_col-sm-2 kc_column kc_col-sm-2\"><div class=\"kc-col-container\"><\/div><\/div><div class=\"kc-elm kc-css-561941 kc_col-sm-4 kc_column kc_col-sm-4\"><div class=\"kc-col-container\"><div class=\"kc-elm kc-css-692606 kc_text_block\"><\/p>\n<p>\nsolutions<\/p>\n<p>\n<\/div><div class=\"kc-elm kc-css-408596 kc-animated kc-animate-eff-bounceInDown kc-animate-delay-400 kc_text_block\"><\/p>\n<h1>DISTRIBUTION EN TOUS LIEUX<\/h1>\n<p>\n<\/div><div class=\"kc-elm kc-css-90105 kc_text_block\"><\/p>\n<h2><span style=\"font-style: inherit;\">Nous vous aidons \u00e0 distribuer partout o\u00f9 vous le souhaitez en d\u00e9veloppant les meilleures pratiques pour maximiser vos opportunit\u00e9s.<\/span><\/h2>\n<p>\n<\/div><div class=\"kc-elm kc-css-847420 kc_row kc_row_inner\"><div class=\"kc-elm kc-css-81652 kc_col-sm-5 kc_column_inner kc_col-sm-5\"><div class=\"kc_wrapper kc-col-inner-container\">\n<div class=\"kc-elm kc-css-212875 kc-pro-button kc-button-5\">\n\t<a href=\"#fund\">\n\t\t<span class=\"creative_title\">1. Enregistrement du fonds<\/span>\t<\/a>\n<\/div>\n<\/div><\/div><div class=\"kc-elm kc-css-819670 kc_col-sm-4 kc_column_inner kc_col-sm-4\"><div class=\"kc_wrapper kc-col-inner-container\">\n<div class=\"kc-elm kc-css-585018 kc-pro-button kc-button-5\">\n\t<a href=\"#reporting\">\n\t\t<span class=\"creative_title\">2. les rapports<\/span>\t<\/a>\n<\/div>\n<\/div><\/div><div class=\"kc-elm kc-css-937578 kc_col-sm-4 kc_column_inner kc_col-sm-4\"><div class=\"kc_wrapper kc-col-inner-container\"><\/div><\/div><\/div>\n<div class=\"kc-elm kc-css-756371\">\n\t<a class=\"kc_button\" href=\"#readmore\" target=\"_self\" title=\"\" onclick=\"\">\n\t\tFAIRE D\u00c9FILER <i class=\"sl-arrow-down\"><\/i>\t<\/a>\n<\/div>\n<div class=\"kc-elm kc-css-564244 kc-animated kc-animate-eff-fadeInRight kc-animate-delay-300 kc_text_block\"><\/p>\n<p>\n<a name=\"readmore\"><\/a><\/p>\n<p>\n<\/div><\/div><\/div><div class=\"kc-elm kc-css-145261 kc_col-sm-6 kc_column kc_col-sm-6\"><div class=\"kc-col-container\"><\/div><\/div><\/div><\/div><\/section><section class=\"kc-elm kc-css-789414 kc_row\"><div class=\"kc-row-container\"><div class=\"kc-wrap-columns\"><div class=\"kc-elm kc-css-242314 kc_col-sm-6 kc_column kc_col-sm-6\"><div class=\"kc-col-container\"><\/div><\/div><div class=\"kc-elm kc-css-677655 kc_col-sm-4 kc_column kc_col-sm-4\"><div class=\"kc-col-container\"><div class=\"kc-elm kc-css-231754 kc-animated kc-animate-eff-fadeInRight kc-animate-delay-300 kc_text_block\"><\/p>\n<p><a name=\"fund\"><\/a><\/p>\n<p>\n<\/div><div class=\"kc-elm kc-css-879490 kc-animated kc-animate-eff-fadeIn kc_text_block\"><\/p>\n<p>Enregistrement du fonds<\/p>\n<p>\n<\/div><div class=\"kc-elm kc-css-498480 kc-animated kc-animate-eff-fadeIn kc_text_block\"><\/p>\n<p>Nous pouvons nous charger de l'enregistrement transfrontalier de votre fonds \u00e0 des fins de marketing au sein de l'Union europ\u00e9enne.<\/p>\n<p>Nous pouvons vous aider \u00e0 distribuer partout et vous conseiller sur les conditions de distribution de votre fonds dans un pays domicili\u00e9 ou non dans l'UE.<\/p>\n<p>\n<\/div><\/div><\/div><div class=\"kc-elm kc-css-460561 kc_col-sm-2 kc_column kc_col-sm-2\"><div class=\"kc-col-container\"><\/div><\/div><\/div><\/div><\/section><section class=\"kc-elm kc-css-184847 kc_row\"><div class=\"kc-row-container\"><div class=\"kc-wrap-columns\"><div class=\"kc-elm kc-css-181584 kc_col-sm-2 kc_column kc_col-sm-2\"><div class=\"kc-col-container\"><\/div><\/div><div class=\"kc-elm kc-css-234992 kc_col-sm-4 kc_column kc_col-sm-4\"><div class=\"kc-col-container\"><div class=\"kc-elm kc-css-287866 kc-animated kc-animate-eff-fadeInRight kc-animate-delay-300 kc_text_block\"><\/p>\n<p><a name=\"reporting\"><\/a><\/p>\n<p>\n<\/div><div class=\"kc-elm kc-css-425080 kc-animated kc-animate-eff-fadeIn kc_text_block\"><\/p>\n<p>rapport<\/p>\n<p>\n<\/div><div class=\"kc-elm kc-css-584203 kc-animated kc-animate-eff-fadeIn kc_text_block\"><\/p>\n<p>Chez MC Square, divers types de rapports et de documents sont produits sur une base statique ou fr\u00e9quente. En fonction des besoins des clients, nos experts peuvent fournir des rapports et des documents r\u00e9glementaires efficaces, sur mesure et juridiquement ad\u00e9quats :<\/p>\n<p>\n<\/div><div class=\"kc-elm kc-css-990551 kc-animated kc-animate-eff-bounceInLeft kc-animate-delay-50 kc-feature-boxes kc-fb-layout-3\">\n\n\t<div class=\"content-icon\"><i class=\"fa-check\"><\/i><\/div><div class=\"box-right\"><div class=\"content-desc\"><\/strong> M\u00e9morandum de placement priv\u00e9 (PPM).<\/div><\/div>\n<\/div>\n<div class=\"kc-elm kc-css-408374 kc-animated kc-animate-eff-bounceInLeft kc-animate-delay-50 kc-feature-boxes kc-fb-layout-3\">\n\n\t<div class=\"content-icon\"><i class=\"fa-check\"><\/i><\/div><div class=\"box-right\"><div class=\"content-desc\"><\/strong> Document d'information cl\u00e9 sur les organismes de placement collectif en valeurs mobili\u00e8res (OPCVM-KID).<\/div><\/div>\n<\/div>\n<div class=\"kc-elm kc-css-567122 kc-animated kc-animate-eff-bounceInLeft kc-animate-delay-50 kc-feature-boxes kc-fb-layout-3\">\n\n\t<div class=\"content-icon\"><i class=\"fa-check\"><\/i><\/div><div class=\"box-right\"><div class=\"content-desc\"><\/strong> Document d'information cl\u00e9 sur les produits d'investissement de d\u00e9tail et les produits d'investissement fond\u00e9s sur l'assurance (PRIIPS-KID). <\/div><\/div>\n<\/div>\n<div class=\"kc-elm kc-css-574780 kc-animated kc-animate-eff-bounceInLeft kc-animate-delay-50 kc-feature-boxes kc-fb-layout-3\">\n\n\t<div class=\"content-icon\"><i class=\"fa-check\"><\/i><\/div><div class=\"box-right\"><div class=\"content-desc\"><\/strong> Fiches d'information sur les fonds et autres documents de marketing pour le d\u00e9veloppement commercial et la distribution des fonds.<\/div><\/div>\n<\/div>\n<div class=\"kc-elm kc-css-903560 kc-animated kc-animate-eff-bounceInLeft kc-animate-delay-50 kc-feature-boxes kc-fb-layout-3\">\n\n\t<div class=\"content-icon\"><i class=\"fa-check\"><\/i><\/div><div class=\"box-right\"><div class=\"content-desc\"><\/strong> Rapports r\u00e9glementaires tels que les rapports AIFMD et OPCVM <\/div><\/div>\n<\/div>\n<\/div><\/div><div class=\"kc-elm kc-css-319174 kc_col-sm-6 kc_column kc_col-sm-6\"><div class=\"kc-col-container\"><\/div><\/div><\/div><\/div><\/section><section class=\"kc-elm kc-css-844979 kc_row\"><div class=\"kc-row-container\"><div class=\"kc-wrap-columns\"><div class=\"kc-elm kc-css-483066 kc_col-sm-12 kc_column kc_col-sm-12\"><div class=\"kc-col-container\"><div class=\"kc-elm kc-css-127988 kc_text_block\"><\/p>\n<p>\n\u00a9 2020 <a href=\"http:\/\/www.tribusagency.it\">TribusAgency.it<\/a> | MC SQUARE <a href=\"https:\/\/www.mcsquare.lu\/fr\/policies\/\">POLICIES<\/a><\/p>\n<p>\n<\/div><\/div><\/div><\/div><\/div><\/section><\/p>","protected":false},"excerpt":{"rendered":"","protected":false},"author":4,"featured_media":0,"parent":0,"menu_order":0,"comment_status":"closed","ping_status":"closed","template":"template-parts\/template-homepage.php","meta":{"om_disable_all_campaigns":false,"_monsterinsights_skip_tracking":false,"_monsterinsights_sitenote_active":false,"_monsterinsights_sitenote_note":"","_monsterinsights_sitenote_category":0,"footnotes":""},"class_list":["post-4326","page","type-page","status-publish","hentry"],"aioseo_notices":[],"jetpack_sharing_enabled":true,"_links":{"self":[{"href":"https:\/\/www.mcsquare.lu\/fr\/wp-json\/wp\/v2\/pages\/4326","targetHints":{"allow":["GET"]}}],"collection":[{"href":"https:\/\/www.mcsquare.lu\/fr\/wp-json\/wp\/v2\/pages"}],"about":[{"href":"https:\/\/www.mcsquare.lu\/fr\/wp-json\/wp\/v2\/types\/page"}],"author":[{"embeddable":true,"href":"https:\/\/www.mcsquare.lu\/fr\/wp-json\/wp\/v2\/users\/4"}],"replies":[{"embeddable":true,"href":"https:\/\/www.mcsquare.lu\/fr\/wp-json\/wp\/v2\/comments?post=4326"}],"version-history":[{"count":60,"href":"https:\/\/www.mcsquare.lu\/fr\/wp-json\/wp\/v2\/pages\/4326\/revisions"}],"predecessor-version":[{"id":8218,"href":"https:\/\/www.mcsquare.lu\/fr\/wp-json\/wp\/v2\/pages\/4326\/revisions\/8218"}],"wp:attachment":[{"href":"https:\/\/www.mcsquare.lu\/fr\/wp-json\/wp\/v2\/media?parent=4326"}],"curies":[{"name":"wp","href":"https:\/\/api.w.org\/{rel}","templated":true}]}}