{"id":4221,"date":"2021-01-19T17:50:03","date_gmt":"2021-01-19T16:50:03","guid":{"rendered":"https:\/\/www.mcsquare.lu\/?page_id=4221"},"modified":"2025-02-03T14:41:54","modified_gmt":"2025-02-03T13:41:54","slug":"digital-solution","status":"publish","type":"page","link":"https:\/\/www.mcsquare.lu\/fr\/mc-square-solutions-since-1988\/digital-solution\/","title":{"rendered":"SOLUTION DIGITALE"},"content":{"rendered":"<p><section class=\"kc-elm kc-css-216754 kc_row\"><div class=\"kc-row-container\"><div class=\"kc-wrap-columns\"><div class=\"kc-elm kc-css-216019 kc_col-sm-2 kc_column kc_col-sm-2\"><div class=\"kc-col-container\"><\/div><\/div><div class=\"kc-elm kc-css-173394 kc_col-sm-4 kc_column kc_col-sm-4\"><div class=\"kc-col-container\"><div class=\"kc-elm kc-css-338289 kc_text_block\"><\/p>\n<p>solutions<\/p>\n<p>\n<\/div><div class=\"kc-elm kc-css-774753 kc-animated kc-animate-eff-bounceInDown kc-animate-delay-400 kc_text_block\"><\/p>\n<p>SOLUTION DIGITALE<\/p>\n<p>\n<\/div><div class=\"kc-elm kc-css-394104 kc_text_block\"><\/p>\n<p>Ax\u00e9 sur un monde sans limite, MC Square propose des services sp\u00e9cifiques destin\u00e9s \u00e0 rendre votre projet num\u00e9rique et accessible de partout.<\/p>\n<p>\n<\/div><div class=\"kc-elm kc-css-755880 kc_row kc_row_inner\"><div class=\"kc-elm kc-css-816061 kc_col-sm-4 kc_column_inner kc_col-sm-4\"><div class=\"kc_wrapper kc-col-inner-container\">\n<div class=\"kc-elm kc-css-53306 kc-pro-button kc-button-5\">\n\t<a href=\"#portfolio\">\n\t\t<span class=\"creative_title\">1. Gestion de portefeuille<\/span>\t<\/a>\n<\/div>\n<\/div><\/div><div class=\"kc-elm kc-css-961336 kc_col-sm-4 kc_column_inner kc_col-sm-4\"><div class=\"kc_wrapper kc-col-inner-container\">\n<div class=\"kc-elm kc-css-436093 kc-pro-button kc-button-5\">\n\t<a href=\"#docu\">\n\t\t<span class=\"creative_title\">2. docu square<\/span>\t<\/a>\n<\/div>\n<\/div><\/div><div class=\"kc-elm kc-css-451127 kc_col-sm-4 kc_column_inner kc_col-sm-4\"><div class=\"kc_wrapper kc-col-inner-container\"><\/div><\/div><\/div>\n<div class=\"kc-elm kc-css-48249\">\n\t<a class=\"kc_button\" href=\"#readmore\" target=\"_self\" title=\"\" onclick=\"\">\n\t\tFAIRE D\u00c9FILER <i class=\"sl-arrow-down\"><\/i>\t<\/a>\n<\/div>\n<div class=\"kc-elm kc-css-64473 kc-animated kc-animate-eff-fadeInRight kc-animate-delay-300 kc_text_block\"><\/p>\n<p>\n<a name=\"readmore\"><\/a><\/p>\n<p>\n<\/div><\/div><\/div><div class=\"kc-elm kc-css-118406 kc_col-sm-6 kc_column kc_col-sm-6\"><div class=\"kc-col-container\"><\/div><\/div><\/div><\/div><\/section><section class=\"kc-elm kc-css-795388 kc_row\"><div class=\"kc-row-container\"><div class=\"kc-wrap-columns\"><div class=\"kc-elm kc-css-685505 kc_col-sm-2 kc_column kc_col-sm-2\"><div class=\"kc-col-container\"><\/div><\/div><div class=\"kc-elm kc-css-821598 kc_col-sm-8 kc_column kc_col-sm-8\"><div class=\"kc-col-container\"><div class=\"kc-elm kc-css-971566 kc-animated kc-animate-eff-fadeInRight kc-animate-delay-300 kc_text_block\"><\/p>\n<p><a name=\"portfolio\"><\/a><\/p>\n<p>\n<\/div><div class=\"kc-elm kc-css-395243 kc-animated kc-animate-eff-fadeIn kc_text_block\"><\/p>\n<p>Syst\u00e8me de gestion de portefeuille (PMS)<\/p>\n<p>\n<\/div><div class=\"kc-elm kc-css-961294 kc-animated kc-animate-eff-fadeIn kc_text_block\"><\/p>\n<p>Le syst\u00e8me de gestion de portefeuille (PMS) de MC Square aide nos clients \u00e0 se concentrer sur leur c\u0153ur de m\u00e9tier, le processus de gestion des investissements, et r\u00e9duit leurs co\u00fbts de maintenance informatique, tandis que nous assurons le d\u00e9veloppement continu de l'infrastructure technique pour rester \u00e0 la pointe des nouvelles exigences l\u00e9gales et du march\u00e9.<\/p>\n<p>Le PMS est propos\u00e9 en tant que service. Tous les principaux param\u00e9trages du syst\u00e8me sont d\u00e9j\u00e0 effectu\u00e9s, et l'acc\u00e8s aux principales sources de donn\u00e9es est d\u00e9j\u00e0 organis\u00e9, ce qui rend le syst\u00e8me facile \u00e0 utiliser sans d\u00e9lai.<\/p>\n<p>Le PMS offre un ensemble de fonctionnalit\u00e9s aux gestionnaires d'actifs pour soutenir leur processus de gestion des investissements :\u00a0<\/p>\n<p>\n<\/div><div class=\"kc-elm kc-css-527429 kc-animated kc-animate-eff-fadeIn kc-animate-delay-400 kc_text_block\"><\/p>\n<p>Les avantages que les clients retirent de l'utilisation du PMS sont les suivants :<\/p>\n<p>\n<\/div><div class=\"kc-elm kc-css-42144 kc-animated kc-animate-eff-bounceInLeft kc-animate-delay-50 kc-feature-boxes kc-fb-layout-3\">\n\n\t<div class=\"content-icon\"><i class=\"fa-check\"><\/i><\/div><div class=\"box-right\"><div class=\"content-desc\">Analyse du portefeuille et rapports<\/div><\/div>\n<\/div>\n<div class=\"kc-elm kc-css-163314 kc-animated kc-animate-eff-bounceInLeft kc-animate-delay-50 kc-feature-boxes kc-fb-layout-3\">\n\n\t<div class=\"content-icon\"><i class=\"fa-check\"><\/i><\/div><div class=\"box-right\"><div class=\"content-desc\">Large couverture des produits et des march\u00e9s<\/div><\/div>\n<\/div>\n<div class=\"kc-elm kc-css-515997 kc-animated kc-animate-eff-bounceInLeft kc-animate-delay-50 kc-feature-boxes kc-fb-layout-3\">\n\n\t<div class=\"content-icon\"><i class=\"fa-check\"><\/i><\/div><div class=\"box-right\"><div class=\"content-desc\">Contr\u00f4le de conformit\u00e9 avant transaction <\/div><\/div>\n<\/div>\n<div class=\"kc-elm kc-css-726446 kc-animated kc-animate-eff-bounceInLeft kc-animate-delay-50 kc-feature-boxes kc-fb-layout-3\">\n\n\t<div class=\"content-icon\"><i class=\"fa-check\"><\/i><\/div><div class=\"box-right\"><div class=\"content-desc\">Gestion automatis\u00e9e des commandes   <\/div><\/div>\n<\/div>\n<div class=\"kc-elm kc-css-407321 kc-animated kc-animate-eff-bounceInLeft kc-animate-delay-100 kc-feature-boxes kc-fb-layout-3\">\n\n\t<div class=\"content-icon\"><i class=\"fa-check\"><\/i><\/div><div class=\"box-right\"><div class=\"content-desc\">Acc\u00e8s 24 heures sur 24, 7 jours sur 7, depuis n'importe quel endroit, gr\u00e2ce \u00e0 une interface conviviale<\/div><\/div>\n<\/div>\n<div class=\"kc-elm kc-css-77576 kc-animated kc-animate-eff-bounceInLeft kc-animate-delay-150 kc-feature-boxes kc-fb-layout-3\">\n\n\t<div class=\"content-icon\"><i class=\"fa-check\"><\/i><\/div><div class=\"box-right\"><div class=\"content-desc\">Pas d'investissements lourds dans les infrastructures et les ressources humaines<\/div><\/div>\n<\/div>\n<div class=\"kc-elm kc-css-748345 kc-animated kc-animate-eff-bounceInLeft kc-animate-delay-200 kc-feature-boxes kc-fb-layout-3\">\n\n\t<div class=\"content-icon\"><i class=\"fa-check\"><\/i><\/div><div class=\"box-right\"><div class=\"content-desc\">Technologie de pointe, y compris le protocole FIX<\/div><\/div>\n<\/div>\n<div class=\"kc-elm kc-css-598136 kc-animated kc-animate-eff-fadeInLeft kc-animate-delay-250 kc-feature-boxes kc-fb-layout-3\">\n\n\t<div class=\"content-icon\"><i class=\"fa-check\"><\/i><\/div><div class=\"box-right\"><div class=\"content-desc\">R\u00e9seau \u00e9tendu de prestataires de services, y compris des courtiers<\/div><\/div>\n<\/div>\n<div class=\"kc-elm kc-css-797585 kc-animated kc-animate-eff-fadeInLeft kc-animate-delay-300 kc-feature-boxes kc-fb-layout-3\">\n\n\t<div class=\"content-icon\"><i class=\"fa-check\"><\/i><\/div><div class=\"box-right\"><div class=\"content-desc\">Minimiser les co\u00fbts d'exploitation et \u00e9viter le gaspillage d'\u00e9nergie et le gain de temps<\/div><\/div>\n<\/div>\n<\/div><\/div><div class=\"kc-elm kc-css-715031 kc_col-sm-2 kc_column kc_col-sm-2\"><div class=\"kc-col-container\"><\/div><\/div><\/div><\/div><\/section><section class=\"kc-elm kc-css-474784 kc_row\"><div class=\"kc-row-container\"><div class=\"kc-wrap-columns\"><div class=\"kc-elm kc-css-210868 kc_col-sm-4 kc_column kc_col-sm-4\"><div class=\"kc-col-container\"><\/div><\/div><div class=\"kc-elm kc-css-899929 kc_col-sm-6 kc_column kc_col-sm-6\"><div class=\"kc-col-container\"><div class=\"kc-elm kc-css-16074 kc-animated kc-animate-eff-fadeInRight kc-animate-delay-300 kc_text_block\"><\/p>\n<p><a name=\"docu\"><\/a><\/p>\n<p>\n<\/div><div class=\"kc-elm kc-css-237993 kc-animated kc-animate-eff-fadeIn kc_text_block\"><\/p>\n<p>docu square<\/p>\n<p>\n<\/div><div class=\"kc-elm kc-css-322729 kc-animated kc-animate-eff-fadeIn kc_text_block\"><\/p>\n<p>Bas\u00e9 sur une technologie reconnue et s\u00e9curis\u00e9e, MC Square vous aide \u00e0 partager tous les documents collaboratifs et \u00e0 signer toutes les instructions n\u00e9cessaires.<\/p>\n<p>La solution Docu\u00b2 est propos\u00e9e en tant que service. Tous les param\u00e8tres du syst\u00e8me (y compris les droits d'acc\u00e8s) sont d\u00e9j\u00e0 d\u00e9finis, ce qui rend la solution facile \u00e0 utiliser.<\/p>\n<p>La solution Docu\u00b2 est \u00e9galement con\u00e7ue pour \u00eatre le r\u00e9f\u00e9rentiel central de toute votre documentation sur les fonds, accessible \u00e0 tout moment.<\/p>\n<p>\n<\/div><div class=\"kc-elm kc-css-812680 kc-animated kc-animate-eff-fadeIn kc-animate-delay-400 kc_text_block\"><\/p>\n<p>Les avantages que les clients retirent de l'utilisation de Docu2 sont les suivants :<\/p>\n<p>\n<\/div><div class=\"kc-elm kc-css-478889 kc-animated kc-animate-eff-bounceInLeft kc-animate-delay-50 kc-feature-boxes kc-fb-layout-3\">\n\n\t<div class=\"content-icon\"><i class=\"fa-check\"><\/i><\/div><div class=\"box-right\"><div class=\"content-desc\">Partage de fichiers sans limite<\/div><\/div>\n<\/div>\n<div class=\"kc-elm kc-css-697754 kc-animated kc-animate-eff-bounceInLeft kc-animate-delay-100 kc-feature-boxes kc-fb-layout-3\">\n\n\t<div class=\"content-icon\"><i class=\"fa-check\"><\/i><\/div><div class=\"box-right\"><div class=\"content-desc\">Acc\u00e8s \u00e0 tout moment<\/div><\/div>\n<\/div>\n<div class=\"kc-elm kc-css-258922 kc-animated kc-animate-eff-bounceInLeft kc-animate-delay-150 kc-feature-boxes kc-fb-layout-3\">\n\n\t<div class=\"content-icon\"><i class=\"fa-check\"><\/i><\/div><div class=\"box-right\"><div class=\"content-desc\">Toutes les donn\u00e9es de votre fonds sont disponibles en un coup d'\u0153il (prospectus, KIID, PRIIPS, rapport annuel, d\u00e9cision d'investissement, rapport sur les risques, chiffres de la VNI et bien plus encore).\r\n    <\/div><\/div>\n<\/div>\n<div class=\"kc-elm kc-css-191859 kc-animated kc-animate-eff-bounceInLeft kc-animate-delay-200 kc-feature-boxes kc-fb-layout-3\">\n\n\t<div class=\"content-icon\"><i class=\"fa-check\"><\/i><\/div><div class=\"box-right\"><div class=\"content-desc\">Une grande capacit\u00e9 de stockage adapt\u00e9e \u00e0 vos besoins\r\n<\/div><\/div>\n<\/div>\n<div class=\"kc-elm kc-css-473424 kc-animated kc-animate-eff-bounceInLeft kc-animate-delay-300 kc-feature-boxes kc-fb-layout-3\">\n\n\t<div class=\"content-icon\"><i class=\"fa-check\"><\/i><\/div><div class=\"box-right\"><div class=\"content-desc\">Gagnez un temps pr\u00e9cieux en livrant des documents sign\u00e9s \u00e0 forte valeur ajout\u00e9e (accords, instructions, d\u00e9cisions d'investissement, ...)<\/div><\/div>\n<\/div>\n<\/div><\/div><div class=\"kc-elm kc-css-903914 kc_col-sm-2 kc_column kc_col-sm-2\"><div class=\"kc-col-container\"><\/div><\/div><\/div><\/div><\/section><section class=\"kc-elm kc-css-850083 kc_row\"><div class=\"kc-row-container\"><div class=\"kc-wrap-columns\"><div class=\"kc-elm kc-css-357986 kc_col-sm-12 kc_column kc_col-sm-12\"><div class=\"kc-col-container\"><div class=\"kc-elm kc-css-407275 kc_text_block\"><\/p>\n<p>\n\u00a9 2020 <a href=\"http:\/\/www.tribusagency.it\">TribusAgency.it<\/a> | MC SQUARE <a href=\"https:\/\/www.mcsquare.lu\/fr\/policies\/\">POLICIES<\/a><\/p>\n<p>\n<\/div><\/div><\/div><\/div><\/div><\/section><\/p>","protected":false},"excerpt":{"rendered":"","protected":false},"author":4,"featured_media":0,"parent":4124,"menu_order":0,"comment_status":"closed","ping_status":"closed","template":"template-parts\/template-homepage.php","meta":{"om_disable_all_campaigns":false,"_monsterinsights_skip_tracking":false,"_monsterinsights_sitenote_active":false,"_monsterinsights_sitenote_note":"","_monsterinsights_sitenote_category":0,"footnotes":""},"class_list":["post-4221","page","type-page","status-publish","hentry"],"aioseo_notices":[],"jetpack_sharing_enabled":true,"_links":{"self":[{"href":"https:\/\/www.mcsquare.lu\/fr\/wp-json\/wp\/v2\/pages\/4221","targetHints":{"allow":["GET"]}}],"collection":[{"href":"https:\/\/www.mcsquare.lu\/fr\/wp-json\/wp\/v2\/pages"}],"about":[{"href":"https:\/\/www.mcsquare.lu\/fr\/wp-json\/wp\/v2\/types\/page"}],"author":[{"embeddable":true,"href":"https:\/\/www.mcsquare.lu\/fr\/wp-json\/wp\/v2\/users\/4"}],"replies":[{"embeddable":true,"href":"https:\/\/www.mcsquare.lu\/fr\/wp-json\/wp\/v2\/comments?post=4221"}],"version-history":[{"count":76,"href":"https:\/\/www.mcsquare.lu\/fr\/wp-json\/wp\/v2\/pages\/4221\/revisions"}],"predecessor-version":[{"id":8222,"href":"https:\/\/www.mcsquare.lu\/fr\/wp-json\/wp\/v2\/pages\/4221\/revisions\/8222"}],"up":[{"embeddable":true,"href":"https:\/\/www.mcsquare.lu\/fr\/wp-json\/wp\/v2\/pages\/4124"}],"wp:attachment":[{"href":"https:\/\/www.mcsquare.lu\/fr\/wp-json\/wp\/v2\/media?parent=4221"}],"curies":[{"name":"wp","href":"https:\/\/api.w.org\/{rel}","templated":true}]}}