{"id":4209,"date":"2021-01-19T15:50:59","date_gmt":"2021-01-19T14:50:59","guid":{"rendered":"https:\/\/www.mcsquare.lu\/?page_id=4209"},"modified":"2025-02-03T14:42:53","modified_gmt":"2025-02-03T13:42:53","slug":"management-company","status":"publish","type":"page","link":"https:\/\/www.mcsquare.lu\/fr\/mc-square-solutions-since-1988\/management-company\/","title":{"rendered":"SOCI\u00c9T\u00c9 DE GESTION"},"content":{"rendered":"<p><section class=\"kc-elm kc-css-772072 kc_row\"><div class=\"kc-row-container\"><div class=\"kc-wrap-columns\"><div class=\"kc-elm kc-css-950883 kc_col-of-5 kc_column kc_col-of-5\"><div class=\"kc-col-container\"><\/div><\/div><div class=\"kc-elm kc-css-291746 kc_col-sm-4 kc_column kc_col-sm-4\"><div class=\"kc-col-container\"><div class=\"kc-elm kc-css-479683 kc_text_block\"><\/p>\n<p>\nsolutions<\/p>\n<p>\n<\/div><div class=\"kc-elm kc-css-468299 kc-animated kc-animate-eff-bounceInDown kc-animate-delay-400 kc_text_block\"><\/p>\n<p>\nSOCI\u00c9T\u00c9 DE GESTION<\/p>\n<p>\n<\/div><div class=\"kc-elm kc-css-262997 kc_text_block\"><\/p>\n<p>\nFocused on your strengths, MC Square offer third party management company services for UCITS and AIF funds and covering the whole investment process.<\/p>\n<p>\n<\/div>\n<div class=\"kc-elm kc-css-414453\">\n\t<a class=\"kc_button\" href=\"#readmore\" target=\"_self\" title=\"\" onclick=\"\">\n\t\tFAIRE D\u00c9FILER <i class=\"sl-arrow-down\"><\/i>\t<\/a>\n<\/div>\n<div class=\"kc-elm kc-css-524166 kc-animated kc-animate-eff-fadeInRight kc-animate-delay-300 kc_text_block\"><\/p>\n<p>\n<a name=\"readmore\"><\/a><\/p>\n<p>\n<\/div><\/div><\/div><div class=\"kc-elm kc-css-418775 kc_col-sm-3 kc_column kc_col-sm-3\"><div class=\"kc-col-container\"><\/div><\/div><div class=\"kc-elm kc-css-129636 kc_col-of-5 kc_column kc_col-of-5\"><div class=\"kc-col-container\"><\/div><\/div><\/div><\/div><\/section><section class=\"kc-elm kc-css-62189 kc_row\"><div class=\"kc-row-container\"><div class=\"kc-wrap-columns\"><div class=\"kc-elm kc-css-1743 kc_col-of-5 kc_column kc_col-of-5\"><div class=\"kc-col-container\"><\/div><\/div><div class=\"kc-elm kc-css-725970 kc_col-sm-4 kc_column kc_col-sm-4\"><div class=\"kc-col-container\"><div class=\"kc-elm kc-css-882060 kc_text_block\"><\/p>\n<h2>solutions<\/h2>\n<p>\n<\/div><div class=\"kc-elm kc-css-506918 kc-animated kc-animate-eff-bounceInDown kc-animate-delay-400 kc_text_block\"><\/p>\n<h1>SOCI\u00c9T\u00c9 DE GESTION<\/h1>\n<p>\n<\/div><div class=\"kc-elm kc-css-25318 kc_text_block\"><\/p>\n<h3>Concentr\u00e9 sur vos points forts, MC Square propose des services de soci\u00e9t\u00e9 de gestion pour compte de tiers pour les fonds UCITS et AIF et couvrant l'ensemble du processus d'investissement.<\/h3>\n<p>\n<\/div><div class=\"kc-elm kc-css-232343 kc_row kc_row_inner\"><div class=\"kc-elm kc-css-671306 kc_col-sm-4 kc_column_inner kc_col-sm-4\"><div class=\"kc_wrapper kc-col-inner-container\">\n<div class=\"kc-elm kc-css-744215 kc-pro-button kc-button-5\">\n\t<a href=\"#portfolio\">\n\t\t<span class=\"creative_title\">1. Gestion de portefeuille<\/span>\t<\/a>\n<\/div>\n<\/div><\/div><div class=\"kc-elm kc-css-981245 kc_col-sm-3 kc_column_inner kc_col-sm-3\"><div class=\"kc_wrapper kc-col-inner-container\">\n<div class=\"kc-elm kc-css-960321 kc-pro-button kc-button-5\">\n\t<a href=\"#execution\">\n\t\t<span class=\"creative_title\">2. l'ex\u00e9cution<\/span>\t<\/a>\n<\/div>\n<\/div><\/div><div class=\"kc-elm kc-css-938676 kc_col-sm-3 kc_column_inner kc_col-sm-3\"><div class=\"kc_wrapper kc-col-inner-container\">\n<div class=\"kc-elm kc-css-718926 kc-pro-button kc-button-5\">\n\t<a href=\"#risk\">\n\t\t<span class=\"creative_title\">3. gestion des risques<\/span>\t<\/a>\n<\/div>\n<\/div><\/div><div class=\"kc-elm kc-css-141294 kc_col-sm-3 kc_column_inner kc_col-sm-3\"><div class=\"kc_wrapper kc-col-inner-container\">\n<div class=\"kc-elm kc-css-446017 kc-pro-button kc-button-5\">\n\t<a href=\"#valuation\">\n\t\t<span class=\"creative_title\">4. Valorisation des actifs<\/span>\t<\/a>\n<\/div>\n<\/div><\/div><\/div>\n<div class=\"kc-elm kc-css-451480\">\n\t<a class=\"kc_button\" href=\"#readmore\" target=\"_self\" title=\"\" onclick=\"\">\n\t\tFAIRE D\u00c9FILER <i class=\"sl-arrow-down\"><\/i>\t<\/a>\n<\/div>\n<div class=\"kc-elm kc-css-134466 kc-animated kc-animate-eff-fadeInRight kc-animate-delay-300 kc_text_block\"><\/p>\n<p>\n<a name=\"readmore\"><\/a><\/p>\n<p>\n<\/div><\/div><\/div><div class=\"kc-elm kc-css-66920 kc_col-sm-3 kc_column kc_col-sm-3\"><div class=\"kc-col-container\"><\/div><\/div><div class=\"kc-elm kc-css-278703 kc_col-of-5 kc_column kc_col-of-5\"><div class=\"kc-col-container\"><\/div><\/div><\/div><\/div><\/section><section class=\"kc-elm kc-css-815259 kc_row\"><div class=\"kc-row-container\"><div class=\"kc-wrap-columns\"><div class=\"kc-elm kc-css-694182 kc_col-sm-2 kc_column kc_col-sm-2\"><div class=\"kc-col-container\"><\/div><\/div><div class=\"kc-elm kc-css-188689 kc_col-sm-7 kc_column kc_col-sm-7\"><div class=\"kc-col-container\"><div class=\"kc-elm kc-css-61382 kc-animated kc-animate-eff-fadeInRight kc-animate-delay-300 kc_text_block\"><\/p>\n<p><a name=\"portfolio\"><\/a><\/p>\n<p>\n<\/div><div class=\"kc-elm kc-css-237334 kc-animated kc-animate-eff-fadeIn kc_text_block\"><\/p>\n<p>Gestion de portefeuille<\/p>\n<p>\n<\/div><div class=\"kc-elm kc-css-922087 kc-animated kc-animate-eff-fadeIn kc_text_block\"><\/p>\n<p>\nNous assurons la gestion de portefeuilles d'OPCVM et de fonds d'investissement alternatifs. Notre \u00e9quipe de gestion de portefeuille peut vous fournir des services de gestion exp\u00e9riment\u00e9s pour tous les types de classes d'actifs, y compris les actions cot\u00e9es, les fonds couverts, les fonds de fonds, les instruments de dette, le capital-investissement et l'immobilier.<\/p>\n<p>Sur la base de vos recommandations, nous effectuons pour vous les contr\u00f4les d'investissement et de conformit\u00e9 avant d'effectuer la transaction.<\/p>\n<p>\n<\/div><div class=\"kc-elm kc-css-611761 kc-animated kc-animate-eff-bounceInLeft kc-animate-delay-50 kc-feature-boxes kc-fb-layout-3\">\n\n\t<div class=\"content-icon\"><i class=\"fa-check\"><\/i><\/div><div class=\"box-right\"><div class=\"content-desc\">Nous nous assurons que la transaction est conforme au profil de risque et \u00e0 la strat\u00e9gie de vos fonds.<\/div><\/div>\n<\/div>\n<div class=\"kc-elm kc-css-587247 kc-animated kc-animate-eff-bounceInLeft kc-animate-delay-100 kc-feature-boxes kc-fb-layout-3\">\n\n\t<div class=\"content-icon\"><i class=\"fa-check\"><\/i><\/div><div class=\"box-right\"><div class=\"content-desc\">Nous ex\u00e9cutons les transactions en coordination avec tous les prestataires de services aux fonds.\r\n    <\/div><\/div>\n<\/div>\n<div class=\"kc-elm kc-css-172461 kc-animated kc-animate-eff-bounceInLeft kc-animate-delay-150 kc-feature-boxes kc-fb-layout-3\">\n\n\t<div class=\"content-icon\"><i class=\"fa-check\"><\/i><\/div><div class=\"box-right\"><div class=\"content-desc\">Nous contr\u00f4lons l'ex\u00e9cution des investissements et la comptabilisation dans le fonds.\r\n    <\/div><\/div>\n<\/div>\n<div class=\"kc-elm kc-css-920408 kc-animated kc-animate-eff-fadeIn kc_text_block\"><\/p>\n<p>\nNotre \u00e9quipe de gestion de portefeuille exp\u00e9riment\u00e9e peut superviser votre gestionnaire de portefeuille d\u00e9l\u00e9gu\u00e9 ou agir en tant que gestionnaire de portefeuille.<\/p>\n<p>\n<\/div><div class=\"kc-elm kc-css-146715\" style=\"height: 164px; clear: both; width:100%;\"><\/div><\/div><\/div><div class=\"kc-elm kc-css-550308 kc_col-sm-4 kc_column kc_col-sm-4\"><div class=\"kc-col-container\"><\/div><\/div><\/div><\/div><\/section><section class=\"kc-elm kc-css-435284 kc_row\"><div class=\"kc-row-container\"><div class=\"kc-wrap-columns\"><div class=\"kc-elm kc-css-930027 kc_col-sm-5 kc_column kc_col-sm-5\"><div class=\"kc-col-container\"><\/div><\/div><div class=\"kc-elm kc-css-352926 kc_col-sm-5 kc_column kc_col-sm-5\"><div class=\"kc-col-container\"><div class=\"kc-elm kc-css-238954 kc-animated kc-animate-eff-fadeInRight kc-animate-delay-300 kc_text_block\"><\/p>\n<p><a name=\"execution\"><\/a><\/p>\n<p>\n<\/div><div class=\"kc-elm kc-css-907719 kc-animated kc-animate-eff-fadeIn kc_text_block\"><\/p>\n<p>ex\u00e9cution<\/p>\n<p>\n<\/div><div class=\"kc-elm kc-css-242909 kc-animated kc-animate-eff-fadeIn kc_text_block\"><\/p>\n<p>\nNous fournissons des services d'ex\u00e9cution pour les v\u00e9hicules d'investissement OPCVM et FIA et permettons \u00e0 nos clients de rester concentr\u00e9s sur leurs principaux objectifs : servir leurs investisseurs et r\u00e9aliser des performances.<\/p>\n<p>\n<\/div><div class=\"kc-elm kc-css-452159 kc-animated kc-animate-eff-bounceInLeft kc-animate-delay-50 kc-feature-boxes kc-fb-layout-3\">\n\n\t<div class=\"content-icon\"><i class=\"fa-check\"><\/i><\/div><div class=\"box-right\"><div class=\"content-desc\">Nous ex\u00e9cutons les transactions de mani\u00e8re rapide et pr\u00e9cise\nsur tous les types d'actifs, qu'il s'agisse de titres cot\u00e9s en bourse ou de transactions complexes dans le domaine de l'immobilier ou du capital-investissement.<\/div><\/div>\n<\/div>\n<div class=\"kc-elm kc-css-722034 kc-animated kc-animate-eff-bounceInLeft kc-animate-delay-50 kc-feature-boxes kc-fb-layout-3\">\n\n\t<div class=\"content-icon\"><i class=\"fa-check\"><\/i><\/div><div class=\"box-right\"><div class=\"content-desc\">Nous veillons \u00e0 ce que les transactions soient conformes au profil de risque et \u00e0 la strat\u00e9gie de vos fonds.<\/div><\/div>\n<\/div>\n<\/div><\/div><div class=\"kc-elm kc-css-908602 kc_col-sm-2 kc_column kc_col-sm-2\"><div class=\"kc-col-container\"><\/div><\/div><\/div><\/div><\/section><section class=\"kc-elm kc-css-956861 kc_row\"><div class=\"kc-row-container\"><div class=\"kc-wrap-columns\"><div class=\"kc-elm kc-css-113155 kc_col-sm-2 kc_column kc_col-sm-2\"><div class=\"kc-col-container\"><\/div><\/div><div class=\"kc-elm kc-css-566820 kc_col-sm-7 kc_column kc_col-sm-7\"><div class=\"kc-col-container\"><div class=\"kc-elm kc-css-139432 kc-animated kc-animate-eff-fadeInRight kc-animate-delay-300 kc_text_block\"><\/p>\n<p><a name=\"risk\"><\/a><\/p>\n<p>\n<\/div><div class=\"kc-elm kc-css-41401 kc-animated kc-animate-eff-fadeIn kc_text_block\"><\/p>\n<p>la gestion des risques<\/p>\n<p>\n<\/div><div class=\"kc-elm kc-css-141866 kc-animated kc-animate-eff-fadeIn kc_text_block\"><\/p>\n<p>\nNous fournissons des services ind\u00e9pendants de gestion des risques \u00e0 un large \u00e9ventail de v\u00e9hicules d'investissement alternatifs, allant des fonds OPCM classiques aux fonds sp\u00e9culatifs et des fonds liquides aux actifs illiquides tels que l'immobilier et le capital-investissement.<\/p>\n<p>Sur la base du mod\u00e8le d'entreprise et de la strat\u00e9gie de nos clients, notre \u00e9quipe exp\u00e9riment\u00e9e de gestion des risques vous fournit :<\/p>\n<p>\n<\/div><div class=\"kc-elm kc-css-902085 kc-animated kc-animate-eff-bounceInLeft kc-animate-delay-50 kc-feature-boxes kc-fb-layout-3\">\n\n\t<div class=\"content-icon\"><i class=\"fa-check\"><\/i><\/div><div class=\"box-right\"><div class=\"content-desc\">Services int\u00e9gr\u00e9s pour tous les types de classes d'actifs, y compris les actions cot\u00e9es, les fonds sp\u00e9culatifs, les fonds de fonds, les instruments de dette, le capital-investissement et l'immobilier.<\/div><\/div>\n<\/div>\n<div class=\"kc-elm kc-css-173236 kc-animated kc-animate-eff-bounceInLeft kc-animate-delay-100 kc-feature-boxes kc-fb-layout-3\">\n\n\t<div class=\"content-icon\"><i class=\"fa-check\"><\/i><\/div><div class=\"box-right\"><div class=\"content-desc\">Des contr\u00f4les de conformit\u00e9 post-n\u00e9gociation continus pour s'assurer que votre fonds reste conforme au profil de risque et \u00e0 la strat\u00e9gie.<\/div><\/div>\n<\/div>\n<div class=\"kc-elm kc-css-922115 kc-animated kc-animate-eff-fadeIn kc_text_block\"><\/p>\n<p>\nNos services de gestion des risques facilitent la gestion active, la reconnaissance pr\u00e9coce et l'\u00e9valuation des risques et de l'environnement, et\u00a0<span style=\"font-style: inherit;\">permettre aux v\u00e9hicules d'investissement de se conformer pleinement \u00e0 la r\u00e9glementation. <\/span><span style=\"font-style: inherit;\">requirements.<\/span><\/p>\n<p>Nous sommes flexibles et adoptons plusieurs approches pour diff\u00e9rentes strat\u00e9gies afin de produire des rapports significatifs pour le front office du gestionnaire de portefeuille.<\/p>\n<p>\n<\/div><\/div><\/div><div class=\"kc-elm kc-css-834919 kc_col-sm-4 kc_column kc_col-sm-4\"><div class=\"kc-col-container\"><\/div><\/div><\/div><\/div><\/section><section class=\"kc-elm kc-css-821440 kc_row\"><div class=\"kc-row-container\"><div class=\"kc-wrap-columns\"><div class=\"kc-elm kc-css-506772 kc_col-sm-2 kc_column kc_col-sm-2\"><div class=\"kc-col-container\"><\/div><\/div><div class=\"kc-elm kc-css-248183 kc_col-sm-4 kc_column kc_col-sm-4\"><div class=\"kc-col-container\"><div class=\"kc-elm kc-css-125262 kc-animated kc-animate-eff-fadeInRight kc-animate-delay-300 kc_text_block\"><\/p>\n<p><a name=\"valuation\"><\/a><\/p>\n<p>\n<\/div><div class=\"kc-elm kc-css-731028 kc-animated kc-animate-eff-fadeIn kc_text_block\"><\/p>\n<p>Valorisation des actifs<\/p>\n<p>\n<\/div><div class=\"kc-elm kc-css-118988 kc-animated kc-animate-eff-fadeIn kc_text_block\"><\/p>\n<p>Nous proposons des solutions d'\u00e9valuation et de surveillance de l'\u00e9valuation pour r\u00e9pondre aux besoins de votre fonds.<\/p>\n<p>Notre \u00e9quipe exp\u00e9riment\u00e9e fournit des services de valorisation solides pour permettre, comme l'exige la loi, une \u00e9valuation ind\u00e9pendante des actifs.<\/p>\n<p>Nous sommes impartiaux dans notre approche et dans les conseils que nous donnons. Pour l'\u00e9valuation, nous pouvons faire appel \u00e0 l'expertise de prestataires de services externes et d'\u00e9valuateurs tiers si n\u00e9cessaire.<\/p>\n<p>\n<\/div><\/div><\/div><div class=\"kc-elm kc-css-507600 kc_col-sm-6 kc_column kc_col-sm-6\"><div class=\"kc-col-container\"><\/div><\/div><\/div><\/div><\/section><section class=\"kc-elm kc-css-991230 kc_row\"><div class=\"kc-row-container\"><div class=\"kc-wrap-columns\"><div class=\"kc-elm kc-css-959654 kc_col-sm-12 kc_column kc_col-sm-12\"><div class=\"kc-col-container\"><\/div><\/div><\/div><\/div><\/section><\/p>","protected":false},"excerpt":{"rendered":"","protected":false},"author":4,"featured_media":0,"parent":4124,"menu_order":0,"comment_status":"closed","ping_status":"closed","template":"template-parts\/template-homepage.php","meta":{"om_disable_all_campaigns":false,"_monsterinsights_skip_tracking":false,"_monsterinsights_sitenote_active":false,"_monsterinsights_sitenote_note":"","_monsterinsights_sitenote_category":0,"footnotes":""},"class_list":["post-4209","page","type-page","status-publish","hentry"],"aioseo_notices":[],"jetpack_sharing_enabled":true,"_links":{"self":[{"href":"https:\/\/www.mcsquare.lu\/fr\/wp-json\/wp\/v2\/pages\/4209","targetHints":{"allow":["GET"]}}],"collection":[{"href":"https:\/\/www.mcsquare.lu\/fr\/wp-json\/wp\/v2\/pages"}],"about":[{"href":"https:\/\/www.mcsquare.lu\/fr\/wp-json\/wp\/v2\/types\/page"}],"author":[{"embeddable":true,"href":"https:\/\/www.mcsquare.lu\/fr\/wp-json\/wp\/v2\/users\/4"}],"replies":[{"embeddable":true,"href":"https:\/\/www.mcsquare.lu\/fr\/wp-json\/wp\/v2\/comments?post=4209"}],"version-history":[{"count":88,"href":"https:\/\/www.mcsquare.lu\/fr\/wp-json\/wp\/v2\/pages\/4209\/revisions"}],"predecessor-version":[{"id":8224,"href":"https:\/\/www.mcsquare.lu\/fr\/wp-json\/wp\/v2\/pages\/4209\/revisions\/8224"}],"up":[{"embeddable":true,"href":"https:\/\/www.mcsquare.lu\/fr\/wp-json\/wp\/v2\/pages\/4124"}],"wp:attachment":[{"href":"https:\/\/www.mcsquare.lu\/fr\/wp-json\/wp\/v2\/media?parent=4209"}],"curies":[{"name":"wp","href":"https:\/\/api.w.org\/{rel}","templated":true}]}}