{"id":4124,"date":"2021-01-19T11:34:19","date_gmt":"2021-01-19T10:34:19","guid":{"rendered":"https:\/\/www.mcsquare.lu\/?page_id=4124"},"modified":"2023-10-05T15:48:38","modified_gmt":"2023-10-05T14:48:38","slug":"mc-square-solutions-since-1988","status":"publish","type":"page","link":"https:\/\/www.mcsquare.lu\/fr\/mc-square-solutions-since-1988\/","title":{"rendered":"SOLUTIONS"},"content":{"rendered":"<p><section class=\"kc-elm kc-css-106887 kc_row\"><div class=\"kc-row-container\"><div class=\"kc-wrap-columns\"><div class=\"kc-elm kc-css-48730 kc_col-sm-6 kc_column kc_col-sm-6\"><div class=\"kc-col-container\"><\/div><\/div><div class=\"kc-elm kc-css-609425 kc_col-sm-3 kc_column kc_col-sm-3\"><div class=\"kc-col-container\"><div class=\"kc-elm kc-css-658777 kc-animated kc-animate-eff-bounceInDown kc-animate-delay-400 kc_text_block\"><\/p>\n<h1 style=\"text-align: left;\">MC Square Solutions<\/h1>\n<p>\n<\/div><div class=\"kc-elm kc-css-845617 kc_text_block\"><\/p>\n<p>MC SQUARE est une soci\u00e9t\u00e9 de gestion d'investissements pour le compte de tiers.\u00a0 Nous fournissons des solutions sp\u00e9cialis\u00e9es de gestion de fonds et des services de distribution aux <span style=\"font-style: inherit;\">OPCVM et fonds alternatifs (FIA) de promoteurs europ\u00e9ens et non europ\u00e9ens.<\/span><\/p>\n<p>\n<\/div>\n<div class=\"kc-elm kc-css-711664\">\n\t<a class=\"kc_button\" href=\"#readmore\" target=\"_self\" title=\"\" onclick=\"\">\n\t\tFAIRE D\u00c9FILER <i class=\"sl-arrow-down\"><\/i>\t<\/a>\n<\/div>\n<div class=\"kc-elm kc-css-646980 kc-animated kc-animate-eff-fadeInRight kc-animate-delay-300 kc_text_block\"><\/p>\n<p>\n<a name=\"readmore\"><\/a><\/p>\n<p>\n<\/div><\/div><\/div><div class=\"kc-elm kc-css-461290 kc_col-of-5 kc_column kc_col-of-5\"><div class=\"kc-col-container\"><\/div><\/div><\/div><\/div><\/section><section class=\"kc-elm kc-css-519507 kc_row\"><div class=\"kc-row-container  kc-container\"><div class=\"kc-wrap-columns\"><div class=\"kc-elm kc-css-691612 kc_col-sm-12 kc_column kc_col-sm-12\"><div class=\"kc-col-container\">\r\n\t\t\t<div class=\"kc-elm kc-css-443705 kc-info-circle\">\r\n\r\n\t\t\t\t\r\n\t\t\t\t\t<ul class=\"kc-inc-thumb\">\r\n\r\n\t\t\t\t\t\t\t\t\t\t\t\t\t\t\t\t\t\t\t<li class=\"kc-new-tab-1 inc-active\" data-id=\"kc-new-tab-1\">\r\n\t\t\t\t\t\t\t\t\t\t\t\t\t\t\t\t\t<i class=\"fa-chart-line\"><\/i>\r\n\t\t\t\t\t\t\t\t\t\t\t\t\t\t\t\t\t\t\t\t\t\t\t<\/li>\r\n\t\t\t\t\t\t\t\t\t\t\t\t\t<li class=\"kc-new-tab-2\" data-id=\"kc-new-tab-2\">\r\n\t\t\t\t\t\t\t\t\t\t\t\t\t\t\t\t\t<i class=\"fa-university\"><\/i>\r\n\t\t\t\t\t\t\t\t\t\t\t\t\t\t\t\t\t\t\t\t\t\t\t<\/li>\r\n\t\t\t\t\t\t\t\t\t\t\t\t\t<li class=\"kc-new-tab-3\" data-id=\"kc-new-tab-3\">\r\n\t\t\t\t\t\t\t\t\t\t\t\t\t\t\t\t\t<i class=\"fa-binoculars\"><\/i>\r\n\t\t\t\t\t\t\t\t\t\t\t\t\t\t\t\t\t\t\t\t\t\t\t<\/li>\r\n\t\t\t\t\t\t\t\t\t\t\t\t\t<li class=\"kc-new-tab-4\" data-id=\"kc-new-tab-4\">\r\n\t\t\t\t\t\t\t\t\t\t\t\t\t\t\t\t\t<i class=\"fa-sitemap\"><\/i>\r\n\t\t\t\t\t\t\t\t\t\t\t\t\t\t\t\t\t\t\t\t\t\t\t<\/li>\r\n\t\t\t\t\t\t\t\t\t\t\t\t\t<li class=\"kc-new-tab-5\" data-id=\"kc-new-tab-5\">\r\n\t\t\t\t\t\t\t\t\t\t\t\t\t\t\t\t\t<i class=\"fa-laptop\"><\/i>\r\n\t\t\t\t\t\t\t\t\t\t\t\t\t\t\t\t\t\t\t\t\t\t\t<\/li>\r\n\t\t\t\t\t\t\t\t\t\t\t\t\t<li class=\"kc-new-tab-6\" data-id=\"kc-new-tab-6\">\r\n\t\t\t\t\t\t\t\t\t\t\t\t\t\t\t\t\t<i class=\"fa-seedling\"><\/i>\r\n\t\t\t\t\t\t\t\t\t\t\t\t\t\t\t\t\t\t\t\t\t\t\t<\/li>\r\n\t\t\t\t\t\t\r\n\t\t\t\t\t<\/ul>\r\n\r\n\t\t\t\t\t\t\t\t\t\t\t\t\t\t\t\t<div id=\"kc-new-tab-1\" class=\"kc-circle-content kc-circle-active\">\r\n\t\t\t\t\t\t\t<div class=\"kc-inc-content\">\r\n\t\t\t\t\t\t\t\t<div class=\"kc-inc-title\">SOCI\u00c9T\u00c9 DE GESTION <\/div>\r\n\t\t\t\t\t\t\t\t<div class=\"kc-inc-desc\">Concentr\u00e9e sur vos points forts, MC2 offre des services de soci\u00e9t\u00e9 de gestion tierce pour les fonds UCITS et AIF et couvre l'ensemble du processus d'investissement.\r\n<\/br><\/br><a href=\"https:\/\/www.mcsquare.lu\/fr\/solutions\/management-company\/\" class=\"myButton\">LIRE LA SUITE<\/a><\/div>\r\n\t\t\t\t\t\t\t<\/div>\r\n\t\t\t\t\t\t<\/div>\r\n\t\t\t\t\t\t\t\t\t\t\t\t\t\t\t\t\t<div id=\"kc-new-tab-2\" class=\"kc-circle-content\">\r\n\t\t\t\t\t\t\t<div class=\"kc-inc-content\">\r\n\t\t\t\t\t\t\t\t<div class=\"kc-inc-title\">GOUVERNANCE<\/div>\r\n\t\t\t\t\t\t\t\t<div class=\"kc-inc-desc\">MC Square offre une large gamme de solutions de gouvernance \u00e0 votre entit\u00e9 en conformit\u00e9 avec les exigences r\u00e9glementaires luxembourgeoises.\r\n<\/br><\/br><a href=\"https:\/\/www.mcsquare.lu\/fr\/solutions\/governance-2\/\" class=\"myButton\">LIRE LA SUITE<\/a><\/div>\r\n\t\t\t\t\t\t\t<\/div>\r\n\t\t\t\t\t\t<\/div>\r\n\t\t\t\t\t\t\t\t\t\t\t\t\t\t\t\t\t<div id=\"kc-new-tab-3\" class=\"kc-circle-content\">\r\n\t\t\t\t\t\t\t<div class=\"kc-inc-content\">\r\n\t\t\t\t\t\t\t\t<div class=\"kc-inc-title\">DISTRIBUTION<\/div>\r\n\t\t\t\t\t\t\t\t<div class=\"kc-inc-desc\">We identify and well design your distribution strategy following specific requirement for each country.\r\n<\/br><\/br><a href=\"https:\/\/www.mcsquare.lu\/fr\/solutions\/distribution\/\" class=\"myButton\">LIRE LA SUITE<\/a><\/div>\r\n\t\t\t\t\t\t\t<\/div>\r\n\t\t\t\t\t\t<\/div>\r\n\t\t\t\t\t\t\t\t\t\t\t\t\t\t\t\t\t<div id=\"kc-new-tab-4\" class=\"kc-circle-content\">\r\n\t\t\t\t\t\t\t<div class=\"kc-inc-content\">\r\n\t\t\t\t\t\t\t\t<div class=\"kc-inc-title\">PLATFORMS SERVICES<\/div>\r\n\t\t\t\t\t\t\t\t<div class=\"kc-inc-desc\">As a fully-established Management Company, we are able to offer a more cost-effective solution than investing in your proprietary structure.\r\n<\/br><\/br><a href=\"https:\/\/www.mcsquare.lu\/fr\/solutions\/platform-services\/\" class=\"myButton\">LIRE LA SUITE<\/a><\/div>\r\n\t\t\t\t\t\t\t<\/div>\r\n\t\t\t\t\t\t<\/div>\r\n\t\t\t\t\t\t\t\t\t\t\t\t\t\t\t\t\t<div id=\"kc-new-tab-5\" class=\"kc-circle-content\">\r\n\t\t\t\t\t\t\t<div class=\"kc-inc-content\">\r\n\t\t\t\t\t\t\t\t<div class=\"kc-inc-title\">SOLUTION DIGITALE<\/div>\r\n\t\t\t\t\t\t\t\t<div class=\"kc-inc-desc\">Focused on limitless world, MC2 offer specific services dedicated to make your project digital and accessible from everywhere.\r\n<\/br><\/br><a href=\"https:\/\/www.mcsquare.lu\/fr\/solutions\/digital-solution\/\" class=\"myButton\">LIRE LA SUITE<\/a><\/div>\r\n\t\t\t\t\t\t\t<\/div>\r\n\t\t\t\t\t\t<\/div>\r\n\t\t\t\t\t\t\t\t\t\t\t\t\t\t\t\t\t<div id=\"kc-new-tab-6\" class=\"kc-circle-content\">\r\n\t\t\t\t\t\t\t<div class=\"kc-inc-content\">\r\n\t\t\t\t\t\t\t\t<div class=\"kc-inc-title\">GREEN SQUARE<\/div>\r\n\t\t\t\t\t\t\t\t<div class=\"kc-inc-desc\">Focused on world future, MC2 offer specific services dedicated to improve your fund sustainability.\r\n<\/br><\/br><a href=\"https:\/\/www.mcsquare.lu\/fr\/solutions\/green-square\/\" class=\"myButton\">LIRE LA SUITE<\/a><\/div>\r\n\t\t\t\t\t\t\t<\/div>\r\n\t\t\t\t\t\t<\/div>\r\n\t\t\t\t\t\t\t\t\t\t\t\r\n\t\t\t\t\r\n\t\t\t<\/div>\r\n\r\n\t\t<\/div><\/div><\/div><\/div><\/section><section class=\"kc-elm kc-css-864858 kc_row\"><div class=\"kc-row-container\"><div class=\"kc-wrap-columns\"><div class=\"kc-elm kc-css-954972 kc_col-sm-12 kc_column kc_col-sm-12\"><div class=\"kc-col-container\"><div class=\"kc-elm kc-css-870998 kc_text_block\"><\/p>\n<p>\n\u00a9 2020 <a href=\"http:\/\/www.tribusagency.it\">TribusAgency.it<\/a> | MC SQUARE <a href=\"https:\/\/www.mcsquare.lu\/fr\/policies\/\">POLICIES<\/a><\/p>\n<p>\n<\/div><\/div><\/div><\/div><\/div><\/section><\/p>","protected":false},"excerpt":{"rendered":"","protected":false},"author":4,"featured_media":0,"parent":0,"menu_order":0,"comment_status":"closed","ping_status":"closed","template":"template-parts\/template-homepage.php","meta":{"om_disable_all_campaigns":false,"_monsterinsights_skip_tracking":false,"_monsterinsights_sitenote_active":false,"_monsterinsights_sitenote_note":"","_monsterinsights_sitenote_category":0,"footnotes":""},"class_list":["post-4124","page","type-page","status-publish","hentry"],"aioseo_notices":[],"jetpack_sharing_enabled":true,"_links":{"self":[{"href":"https:\/\/www.mcsquare.lu\/fr\/wp-json\/wp\/v2\/pages\/4124","targetHints":{"allow":["GET"]}}],"collection":[{"href":"https:\/\/www.mcsquare.lu\/fr\/wp-json\/wp\/v2\/pages"}],"about":[{"href":"https:\/\/www.mcsquare.lu\/fr\/wp-json\/wp\/v2\/types\/page"}],"author":[{"embeddable":true,"href":"https:\/\/www.mcsquare.lu\/fr\/wp-json\/wp\/v2\/users\/4"}],"replies":[{"embeddable":true,"href":"https:\/\/www.mcsquare.lu\/fr\/wp-json\/wp\/v2\/comments?post=4124"}],"version-history":[{"count":100,"href":"https:\/\/www.mcsquare.lu\/fr\/wp-json\/wp\/v2\/pages\/4124\/revisions"}],"predecessor-version":[{"id":7403,"href":"https:\/\/www.mcsquare.lu\/fr\/wp-json\/wp\/v2\/pages\/4124\/revisions\/7403"}],"wp:attachment":[{"href":"https:\/\/www.mcsquare.lu\/fr\/wp-json\/wp\/v2\/media?parent=4124"}],"curies":[{"name":"wp","href":"https:\/\/api.w.org\/{rel}","templated":true}]}}